{"id":1432,"date":"2020-03-17T10:54:14","date_gmt":"2020-03-17T14:54:14","guid":{"rendered":"https:\/\/aerispackaging.com\/apass\/"},"modified":"2020-04-11T02:04:44","modified_gmt":"2020-04-11T06:04:44","slug":"apass","status":"publish","type":"page","link":"https:\/\/aerispackaging.com\/fr\/apass\/","title":{"rendered":"APASS"},"content":{"rendered":"<section class=\"l-section wpb_row height_huge with_img parallax_fixed with_overlay\"><div class=\"l-section-img lazyload\" style=\"background-image:inherit;background-repeat: no-repeat;\" data-img-width=\"2121\" data-img-height=\"1414\" data-bg-image=\"url(https:\/\/aerispackaging.com\/wp-content\/uploads\/2020\/03\/APASS-header.jpg)\"><\/div><div class=\"l-section-overlay\" style=\"background: rgba(0,0,0,0.2)\"><\/div><div class=\"l-section-h i-cf\"><div class=\"g-cols vc_row type_default valign_middle\"><div class=\"vc_col-sm-12 wpb_column vc_column_container\"><div class=\"vc_column-inner\"><div class=\"wpb_wrapper\">[vc_custom_heading text=&#8221;SERVICES APASS AMAZON&#8221; font_container=&#8221;tag:h1|text_align:center&#8221; use_theme_fonts=&#8221;yes&#8221; css=&#8221;%7B%22default%22%3A%7B%22color%22%3A%22%23ffffff%22%7D%7D&#8221;]<\/div><\/div><\/div><\/div><\/div><\/section><section class=\"l-section wpb_row height_medium\"><div class=\"l-section-h i-cf\"><div class=\"g-cols vc_row type_default valign_middle\"><div class=\"vc_col-sm-6 wpb_column vc_column_container\"><div class=\"vc_column-inner\"><div class=\"wpb_wrapper\"><div class=\"w-image align_center animate_afl\"><div class=\"w-image-h\"><img decoding=\"async\" width=\"1024\" height=\"576\" data-src=\"https:\/\/aerispackaging.com\/wp-content\/uploads\/2020\/03\/APASS-Amazon-1024x576.jpg\" class=\"attachment-large size-large lazyload\" alt=\"\" data-srcset=\"https:\/\/aerispackaging.com\/wp-content\/uploads\/2020\/03\/APASS-Amazon-1024x576.jpg 1024w, https:\/\/aerispackaging.com\/wp-content\/uploads\/2020\/03\/APASS-Amazon-300x169.jpg 300w, https:\/\/aerispackaging.com\/wp-content\/uploads\/2020\/03\/APASS-Amazon.jpg 1200w\" data-sizes=\"(max-width: 1024px) 100vw, 1024px\" src=\"data:image\/svg+xml;base64,PHN2ZyB3aWR0aD0iMSIgaGVpZ2h0PSIxIiB4bWxucz0iaHR0cDovL3d3dy53My5vcmcvMjAwMC9zdmciPjwvc3ZnPg==\" style=\"--smush-placeholder-width: 1024px; --smush-placeholder-aspect-ratio: 1024\/576;\" \/><\/div><\/div><\/div><\/div><\/div><div class=\"vc_col-sm-6 wpb_column vc_column_container\"><div class=\"vc_column-inner\"><div class=\"wpb_wrapper\">[vc_custom_heading text=&#8221;Qu\u2019est-ce que APASS?&#8221; font_container=&#8221;tag:h2|text_align:center&#8221; use_theme_fonts=&#8221;yes&#8221;]<div class=\"wpb_text_column text-justify\"><div class=\"wpb_wrapper\"><p>Amazon Packaging Support and Supplier Network (APASS), a \u00e9t\u00e9 d\u00e9velopp\u00e9 afin de venir en aide aux d\u00e9taillants, vendeurs et manufacturiers en certifiant leurs produits comme emballage sans pr\u00e9paration (Prep Free Packaging PFP), livr\u00e9 dans son propre emballage (Ship in Own Container SIOC), et emballage sans frustrations (Frustration Free Prackaging FFP). \u00c0 travers ce r\u00e9seau, Amazon fournit une liste d\u2019entreprises et de laboratoires qui peuvent aider \u00e0 tester, cr\u00e9er et fournir des emballages align\u00e9s avec les certifications Amazon.<\/p>\n<\/div><\/div><div class=\"w-image align_center animate_afb\"><div class=\"w-image-h\"><img decoding=\"async\" width=\"1393\" height=\"379\" data-src=\"https:\/\/aerispackaging.com\/wp-content\/uploads\/2020\/03\/APASS-Logos.jpg\" class=\"attachment-full size-full lazyload\" alt=\"\" data-srcset=\"https:\/\/aerispackaging.com\/wp-content\/uploads\/2020\/03\/APASS-Logos.jpg 1393w, https:\/\/aerispackaging.com\/wp-content\/uploads\/2020\/03\/APASS-Logos-300x82.jpg 300w, https:\/\/aerispackaging.com\/wp-content\/uploads\/2020\/03\/APASS-Logos-1024x279.jpg 1024w\" data-sizes=\"(max-width: 1393px) 100vw, 1393px\" src=\"data:image\/svg+xml;base64,PHN2ZyB3aWR0aD0iMSIgaGVpZ2h0PSIxIiB4bWxucz0iaHR0cDovL3d3dy53My5vcmcvMjAwMC9zdmciPjwvc3ZnPg==\" style=\"--smush-placeholder-width: 1393px; --smush-placeholder-aspect-ratio: 1393\/379;\" \/><\/div><\/div><\/div><\/div><\/div><\/div><\/div><\/section><section class=\"l-section wpb_row height_large with_img parallax_fixed\"><div class=\"l-section-img lazyload\" style=\"background-image:inherit;background-repeat: no-repeat;\" data-img-width=\"1500\" data-img-height=\"1500\" data-bg-image=\"url(https:\/\/aerispackaging.com\/wp-content\/uploads\/2020\/03\/APASS-bg.jpg)\"><\/div><div class=\"l-section-h i-cf\"><div class=\"g-cols vc_row type_default valign_top\"><div class=\"vc_col-sm-12 wpb_column vc_column_container\"><div class=\"vc_column-inner\"><div class=\"wpb_wrapper\"><div class=\"g-cols wpb_row  type_default valign_top vc_inner\"><div class=\"vc_col-sm-6 wpb_column vc_column_container\"><div class=\"vc_column-inner\"><div class=\"wpb_wrapper\">[vc_custom_heading text=&#8221;Pourquoi est-ce important?&#8221; font_container=&#8221;tag:h2|text_align:center&#8221; use_theme_fonts=&#8221;yes&#8221;]<div class=\"wpb_text_column us_custom_eb849559 text-justify\"><div class=\"wpb_wrapper\"><p>Comme tout d\u00e9taillant et propri\u00e9taire de marque sait, le commerce \u00e9lectronique n\u2019est pas \u00e0 sous-estimer, tout en \u00e9tant une activit\u00e9 qui perdurera et grandira. Les ventes \u00e9lectroniques \u00e0 l\u2019\u00e9chelle mondiale sont pr\u00e9vues d\u2019augmenter de 246% d\u2019ici 2021, les chiffrant donc \u00e0 4,5 trillions $. Les consommateurs veulent la commodit\u00e9 de magasiner par comparaison et recevoir le produit directement \u00e0 la maison.<\/p>\n<\/div><\/div><\/div><\/div><\/div><div class=\"vc_col-sm-6 wpb_column vc_column_container\"><div class=\"vc_column-inner\"><div class=\"wpb_wrapper\">[vc_custom_heading text=&#8221;Comment \u00e7a fonctionne?&#8221; font_container=&#8221;tag:h2|text_align:center&#8221; use_theme_fonts=&#8221;yes&#8221;]<div class=\"wpb_text_column us_custom_eb849559 text-justify\"><div class=\"wpb_wrapper\"><p>Le r\u00e9seau APASS est fourni aux vendeurs Amazon simplement par commodit\u00e9, aucun endossement n\u2019est impliqu\u00e9. Les vendeurs qui livrent \u00e0 partir d\u2019Amazon ne sont pas oblig\u00e9s d\u2019utiliser les services APASS afin de faire certifier les emballages de leurs produits. S\u2019ils optent pour l\u2019utilisation de ces services, ils contacteront directement les membres APASS.<\/p>\n<\/div><\/div><\/div><\/div><\/div><\/div><\/div><\/div><\/div><\/div><\/div><\/section>\n","protected":false},"excerpt":{"rendered":"[vc_custom_heading text=\"SERVICES APASS AMAZON\" font_container=\"tag:h1|text_align:center\" use_theme_fonts=\"yes\" css=\"%7B%22default%22%3A%7B%22color%22%3A%22%23ffffff%22%7D%7D\"][vc_custom_heading text=\"Qu\u2019est-ce que APASS?\" font_container=\"tag:h2|text_align:center\" use_theme_fonts=\"yes\"]Amazon Packaging Support and Supplier Network (APASS), a \u00e9t\u00e9 d\u00e9velopp\u00e9 afin de venir en aide aux d\u00e9taillants, vendeurs et manufacturiers en certifiant leurs produits comme emballage sans pr\u00e9paration (Prep Free Packaging PFP), livr\u00e9 dans son propre emballage (Ship in Own Container SIOC), et emballage...","protected":false},"author":4,"featured_media":0,"parent":0,"menu_order":0,"comment_status":"closed","ping_status":"closed","template":"","meta":{"_monsterinsights_skip_tracking":false,"_monsterinsights_sitenote_active":false,"_monsterinsights_sitenote_note":"","_monsterinsights_sitenote_category":0,"footnotes":""},"class_list":["post-1432","page","type-page","status-publish","hentry"],"yoast_head":"<!-- This site is optimized with the Yoast SEO plugin v27.4 - https:\/\/yoast.com\/product\/yoast-seo-wordpress\/ -->\n<title>APASS - Emballage Aeris<\/title>\n<meta name=\"description\" content=\"Amazon Packaging Support and Supplier Network (APASS), was developed to help support vendors, sellers and manufacturers in certifying their products as Prep Free Packaging (PFP), Ships in Own Container (SIOC), and Frustration Free Packaging (FFP).\" \/>\n<meta name=\"robots\" content=\"index, follow, max-snippet:-1, max-image-preview:large, max-video-preview:-1\" \/>\n<link rel=\"canonical\" href=\"https:\/\/aerispackaging.com\/fr\/apass\/\" \/>\n<meta property=\"og:locale\" content=\"fr_FR\" \/>\n<meta property=\"og:type\" content=\"article\" \/>\n<meta property=\"og:title\" content=\"APASS - Emballage Aeris\" \/>\n<meta property=\"og:description\" content=\"Amazon Packaging Support and Supplier Network (APASS), was developed to help support vendors, sellers and manufacturers in certifying their products as Prep Free Packaging (PFP), Ships in Own Container (SIOC), and Frustration Free Packaging (FFP).\" \/>\n<meta property=\"og:url\" content=\"https:\/\/aerispackaging.com\/fr\/apass\/\" \/>\n<meta property=\"og:site_name\" content=\"Emballage Aeris\" \/>\n<meta property=\"article:publisher\" content=\"https:\/\/www.facebook.com\/aerispackaging\/\" \/>\n<meta property=\"article:modified_time\" content=\"2020-04-11T06:04:44+00:00\" \/>\n<meta name=\"twitter:card\" content=\"summary_large_image\" \/>\n<meta name=\"twitter:site\" content=\"@aerispackaging\" \/>\n<meta name=\"twitter:label1\" content=\"Dur\u00e9e de lecture estim\u00e9e\" \/>\n\t<meta name=\"twitter:data1\" content=\"2 minutes\" \/>\n<script type=\"application\/ld+json\" class=\"yoast-schema-graph\">{\"@context\":\"https:\\\/\\\/schema.org\",\"@graph\":[{\"@type\":\"WebPage\",\"@id\":\"https:\\\/\\\/aerispackaging.com\\\/fr\\\/apass\\\/\",\"url\":\"https:\\\/\\\/aerispackaging.com\\\/fr\\\/apass\\\/\",\"name\":\"APASS - Emballage Aeris\",\"isPartOf\":{\"@id\":\"https:\\\/\\\/aerispackaging.com\\\/#website\"},\"datePublished\":\"2020-03-17T14:54:14+00:00\",\"dateModified\":\"2020-04-11T06:04:44+00:00\",\"description\":\"Amazon Packaging Support and Supplier Network (APASS), was developed to help support vendors, sellers and manufacturers in certifying their products as Prep Free Packaging (PFP), Ships in Own Container (SIOC), and Frustration Free Packaging (FFP).\",\"breadcrumb\":{\"@id\":\"https:\\\/\\\/aerispackaging.com\\\/fr\\\/apass\\\/#breadcrumb\"},\"inLanguage\":\"fr-FR\",\"potentialAction\":[{\"@type\":\"ReadAction\",\"target\":[\"https:\\\/\\\/aerispackaging.com\\\/fr\\\/apass\\\/\"]}]},{\"@type\":\"BreadcrumbList\",\"@id\":\"https:\\\/\\\/aerispackaging.com\\\/fr\\\/apass\\\/#breadcrumb\",\"itemListElement\":[{\"@type\":\"ListItem\",\"position\":1,\"name\":\"Home\",\"item\":\"https:\\\/\\\/aerispackaging.com\\\/fr\\\/\"},{\"@type\":\"ListItem\",\"position\":2,\"name\":\"APASS\"}]},{\"@type\":\"WebSite\",\"@id\":\"https:\\\/\\\/aerispackaging.com\\\/#website\",\"url\":\"https:\\\/\\\/aerispackaging.com\\\/\",\"name\":\"Aeris Packaging\",\"description\":\"Protecteur \u00e0 chambres \u00e0 air\",\"publisher\":{\"@id\":\"https:\\\/\\\/aerispackaging.com\\\/#organization\"},\"potentialAction\":[{\"@type\":\"SearchAction\",\"target\":{\"@type\":\"EntryPoint\",\"urlTemplate\":\"https:\\\/\\\/aerispackaging.com\\\/?s={search_term_string}\"},\"query-input\":{\"@type\":\"PropertyValueSpecification\",\"valueRequired\":true,\"valueName\":\"search_term_string\"}}],\"inLanguage\":\"fr-FR\"},{\"@type\":\"Organization\",\"@id\":\"https:\\\/\\\/aerispackaging.com\\\/#organization\",\"name\":\"Emballage Aeris\",\"url\":\"https:\\\/\\\/aerispackaging.com\\\/\",\"logo\":{\"@type\":\"ImageObject\",\"inLanguage\":\"fr-FR\",\"@id\":\"https:\\\/\\\/aerispackaging.com\\\/#\\\/schema\\\/logo\\\/image\\\/\",\"url\":\"https:\\\/\\\/aerispackaging.com\\\/wp-content\\\/uploads\\\/2020\\\/03\\\/Aeris-Packing-logo.png\",\"contentUrl\":\"https:\\\/\\\/aerispackaging.com\\\/wp-content\\\/uploads\\\/2020\\\/03\\\/Aeris-Packing-logo.png\",\"width\":2000,\"height\":531,\"caption\":\"Emballage Aeris\"},\"image\":{\"@id\":\"https:\\\/\\\/aerispackaging.com\\\/#\\\/schema\\\/logo\\\/image\\\/\"},\"sameAs\":[\"https:\\\/\\\/www.facebook.com\\\/aerispackaging\\\/\",\"https:\\\/\\\/x.com\\\/aerispackaging\",\"https:\\\/\\\/www.instagram.com\\\/aeris_packaging\\\/\",\"https:\\\/\\\/www.linkedin.com\\\/company\\\/mlz-air-bagger-packaging\\\/about\\\/\",\"https:\\\/\\\/www.youtube.com\\\/channel\\\/UCJ978Q9pTaFxLtLFuLeWHlA\\\/\"]}]}<\/script>\n<!-- \/ Yoast SEO plugin. -->","yoast_head_json":{"title":"APASS - Emballage Aeris","description":"Amazon Packaging Support and Supplier Network (APASS), was developed to help support vendors, sellers and manufacturers in certifying their products as Prep Free Packaging (PFP), Ships in Own Container (SIOC), and Frustration Free Packaging (FFP).","robots":{"index":"index","follow":"follow","max-snippet":"max-snippet:-1","max-image-preview":"max-image-preview:large","max-video-preview":"max-video-preview:-1"},"canonical":"https:\/\/aerispackaging.com\/fr\/apass\/","og_locale":"fr_FR","og_type":"article","og_title":"APASS - Emballage Aeris","og_description":"Amazon Packaging Support and Supplier Network (APASS), was developed to help support vendors, sellers and manufacturers in certifying their products as Prep Free Packaging (PFP), Ships in Own Container (SIOC), and Frustration Free Packaging (FFP).","og_url":"https:\/\/aerispackaging.com\/fr\/apass\/","og_site_name":"Emballage Aeris","article_publisher":"https:\/\/www.facebook.com\/aerispackaging\/","article_modified_time":"2020-04-11T06:04:44+00:00","twitter_card":"summary_large_image","twitter_site":"@aerispackaging","twitter_misc":{"Dur\u00e9e de lecture estim\u00e9e":"2 minutes"},"schema":{"@context":"https:\/\/schema.org","@graph":[{"@type":"WebPage","@id":"https:\/\/aerispackaging.com\/fr\/apass\/","url":"https:\/\/aerispackaging.com\/fr\/apass\/","name":"APASS - Emballage Aeris","isPartOf":{"@id":"https:\/\/aerispackaging.com\/#website"},"datePublished":"2020-03-17T14:54:14+00:00","dateModified":"2020-04-11T06:04:44+00:00","description":"Amazon Packaging Support and Supplier Network (APASS), was developed to help support vendors, sellers and manufacturers in certifying their products as Prep Free Packaging (PFP), Ships in Own Container (SIOC), and Frustration Free Packaging (FFP).","breadcrumb":{"@id":"https:\/\/aerispackaging.com\/fr\/apass\/#breadcrumb"},"inLanguage":"fr-FR","potentialAction":[{"@type":"ReadAction","target":["https:\/\/aerispackaging.com\/fr\/apass\/"]}]},{"@type":"BreadcrumbList","@id":"https:\/\/aerispackaging.com\/fr\/apass\/#breadcrumb","itemListElement":[{"@type":"ListItem","position":1,"name":"Home","item":"https:\/\/aerispackaging.com\/fr\/"},{"@type":"ListItem","position":2,"name":"APASS"}]},{"@type":"WebSite","@id":"https:\/\/aerispackaging.com\/#website","url":"https:\/\/aerispackaging.com\/","name":"Aeris Packaging","description":"Protecteur \u00e0 chambres \u00e0 air","publisher":{"@id":"https:\/\/aerispackaging.com\/#organization"},"potentialAction":[{"@type":"SearchAction","target":{"@type":"EntryPoint","urlTemplate":"https:\/\/aerispackaging.com\/?s={search_term_string}"},"query-input":{"@type":"PropertyValueSpecification","valueRequired":true,"valueName":"search_term_string"}}],"inLanguage":"fr-FR"},{"@type":"Organization","@id":"https:\/\/aerispackaging.com\/#organization","name":"Emballage Aeris","url":"https:\/\/aerispackaging.com\/","logo":{"@type":"ImageObject","inLanguage":"fr-FR","@id":"https:\/\/aerispackaging.com\/#\/schema\/logo\/image\/","url":"https:\/\/aerispackaging.com\/wp-content\/uploads\/2020\/03\/Aeris-Packing-logo.png","contentUrl":"https:\/\/aerispackaging.com\/wp-content\/uploads\/2020\/03\/Aeris-Packing-logo.png","width":2000,"height":531,"caption":"Emballage Aeris"},"image":{"@id":"https:\/\/aerispackaging.com\/#\/schema\/logo\/image\/"},"sameAs":["https:\/\/www.facebook.com\/aerispackaging\/","https:\/\/x.com\/aerispackaging","https:\/\/www.instagram.com\/aeris_packaging\/","https:\/\/www.linkedin.com\/company\/mlz-air-bagger-packaging\/about\/","https:\/\/www.youtube.com\/channel\/UCJ978Q9pTaFxLtLFuLeWHlA\/"]}]}},"_links":{"self":[{"href":"https:\/\/aerispackaging.com\/fr\/wp-json\/wp\/v2\/pages\/1432","targetHints":{"allow":["GET"]}}],"collection":[{"href":"https:\/\/aerispackaging.com\/fr\/wp-json\/wp\/v2\/pages"}],"about":[{"href":"https:\/\/aerispackaging.com\/fr\/wp-json\/wp\/v2\/types\/page"}],"author":[{"embeddable":true,"href":"https:\/\/aerispackaging.com\/fr\/wp-json\/wp\/v2\/users\/4"}],"replies":[{"embeddable":true,"href":"https:\/\/aerispackaging.com\/fr\/wp-json\/wp\/v2\/comments?post=1432"}],"version-history":[{"count":1,"href":"https:\/\/aerispackaging.com\/fr\/wp-json\/wp\/v2\/pages\/1432\/revisions"}],"predecessor-version":[{"id":1609,"href":"https:\/\/aerispackaging.com\/fr\/wp-json\/wp\/v2\/pages\/1432\/revisions\/1609"}],"wp:attachment":[{"href":"https:\/\/aerispackaging.com\/fr\/wp-json\/wp\/v2\/media?parent=1432"}],"curies":[{"name":"wp","href":"https:\/\/api.w.org\/{rel}","templated":true}]}}