{"id":1426,"date":"2020-03-17T10:56:14","date_gmt":"2020-03-17T14:56:14","guid":{"rendered":"http:\/\/aerispackaging.com\/contact\/"},"modified":"2025-03-06T13:28:08","modified_gmt":"2025-03-06T18:28:08","slug":"contact","status":"publish","type":"page","link":"https:\/\/aerispackaging.com\/fr\/contact\/","title":{"rendered":"Nous joindre"},"content":{"rendered":"<section class=\"l-section wpb_row height_huge with_img parallax_fixed with_overlay\"><div class=\"l-section-img lazyload\" style=\"background-image:inherit;background-repeat: no-repeat;\" data-img-width=\"1500\" data-img-height=\"1500\" data-bg-image=\"url(https:\/\/aerispackaging.com\/wp-content\/uploads\/2020\/03\/APASS-bg.jpg)\"><\/div><div class=\"l-section-overlay\" style=\"background: rgba(0,0,0,0.2)\"><\/div><div class=\"l-section-h i-cf\"><div class=\"g-cols vc_row type_default valign_middle\"><div class=\"vc_col-sm-12 wpb_column vc_column_container\"><div class=\"vc_column-inner\"><div class=\"wpb_wrapper\">[vc_custom_heading text=&#8221;Contactez-nous&#8221; font_container=&#8221;tag:h1|text_align:center&#8221; use_theme_fonts=&#8221;yes&#8221; css=&#8221;%7B%22default%22%3A%7B%22color%22%3A%22%23ffffff%22%7D%7D&#8221;]<\/div><\/div><\/div><\/div><\/div><\/section><section class=\"l-section wpb_row height_medium\" id=\"contact-top\"><div class=\"l-section-h i-cf\"><div class=\"g-cols vc_row type_default valign_top\"><div class=\"vc_col-sm-12 wpb_column vc_column_container\"><div class=\"vc_column-inner\"><div class=\"wpb_wrapper\">[vc_custom_heading text=&#8221;Vous demandez-vous comment les emballages \u00e0 chambres \u00e0 air Aeris peuvent mieux prot\u00e9ger vos produits et vous faire \u00e9conomiser de l\u2019argent?&#8221; font_container=&#8221;tag:h3|text_align:center&#8221; use_theme_fonts=&#8221;yes&#8221; css=&#8221;%7B%22default%22%3A%7B%22margin-bottom%22%3A%220%22%7D%7D&#8221;]<div class=\"w-separator size_custom with_line width_default thick_1 style_solid color_border align_center\" style=\"height:2.5rem;\"><div class=\"w-separator-h\"><\/div><\/div><div class=\"g-cols wpb_row  us_custom_2e605341 type_default valign_top vc_inner\"><div class=\"vc_col-sm-4 wpb_column vc_column_container\"><div class=\"vc_column-inner\"><div class=\"wpb_wrapper\"><div class=\"w-iconbox us_custom_eb849559 iconpos_top style_default color_primary align_center contact-icon icontype_img\"><div class=\"w-iconbox-icon\" style=\"font-size:55px;\"><img decoding=\"async\" width=\"512\" height=\"512\" data-src=\"https:\/\/aerispackaging.com\/wp-content\/uploads\/2020\/03\/placeholder.png\" class=\"attachment-full size-full lazyload\" alt=\"map marker icon\" data-srcset=\"https:\/\/aerispackaging.com\/wp-content\/uploads\/2020\/03\/placeholder.png 512w, https:\/\/aerispackaging.com\/wp-content\/uploads\/2020\/03\/placeholder-300x300.png 300w, https:\/\/aerispackaging.com\/wp-content\/uploads\/2020\/03\/placeholder-150x150.png 150w\" data-sizes=\"(max-width: 512px) 100vw, 512px\" src=\"data:image\/svg+xml;base64,PHN2ZyB3aWR0aD0iMSIgaGVpZ2h0PSIxIiB4bWxucz0iaHR0cDovL3d3dy53My5vcmcvMjAwMC9zdmciPjwvc3ZnPg==\" style=\"--smush-placeholder-width: 512px; --smush-placeholder-aspect-ratio: 512\/512;\" \/><\/div><div class=\"w-iconbox-meta\"><h4 class=\"w-iconbox-title\" style=\"font-size:20px;\">Notre adresse<\/h4><div class=\"w-iconbox-text\"><p>2260 46<sup>th<\/sup>\u00a0Avenue<br \/>\nLachine, Quebec<br \/>\nH8T 2P3<\/p>\n<\/div><\/div><\/div><\/div><\/div><\/div><div class=\"vc_col-sm-4 wpb_column vc_column_container\"><div class=\"vc_column-inner\"><div class=\"wpb_wrapper\"><div class=\"w-iconbox us_custom_eb849559 iconpos_top style_default color_primary align_center contact-icon icontype_img\"><div class=\"w-iconbox-icon\" style=\"font-size:55px;\"><img decoding=\"async\" width=\"512\" height=\"512\" data-src=\"https:\/\/aerispackaging.com\/wp-content\/uploads\/2020\/03\/smartphone.png\" class=\"attachment-full size-full lazyload\" alt=\"smartphone icon\" data-srcset=\"https:\/\/aerispackaging.com\/wp-content\/uploads\/2020\/03\/smartphone.png 512w, https:\/\/aerispackaging.com\/wp-content\/uploads\/2020\/03\/smartphone-300x300.png 300w, https:\/\/aerispackaging.com\/wp-content\/uploads\/2020\/03\/smartphone-150x150.png 150w\" data-sizes=\"(max-width: 512px) 100vw, 512px\" src=\"data:image\/svg+xml;base64,PHN2ZyB3aWR0aD0iMSIgaGVpZ2h0PSIxIiB4bWxucz0iaHR0cDovL3d3dy53My5vcmcvMjAwMC9zdmciPjwvc3ZnPg==\" style=\"--smush-placeholder-width: 512px; --smush-placeholder-aspect-ratio: 512\/512;\" \/><\/div><div class=\"w-iconbox-meta\"><h4 class=\"w-iconbox-title\" style=\"font-size:20px;\">Notre num\u00e9ro de t\u00e9l\u00e9phone<\/h4><div class=\"w-iconbox-text\"><p>Toll Free: 1 888 682 8951<br \/>\nLocal: 514 360 3421<\/p>\n<\/div><\/div><\/div><\/div><\/div><\/div><div class=\"vc_col-sm-4 wpb_column vc_column_container\"><div class=\"vc_column-inner\"><div class=\"wpb_wrapper\"><div class=\"w-iconbox us_custom_eb849559 iconpos_top style_default color_primary align_center contact-icon icontype_img\"><div class=\"w-iconbox-icon\" style=\"font-size:55px;\"><img decoding=\"async\" width=\"512\" height=\"512\" data-src=\"https:\/\/aerispackaging.com\/wp-content\/uploads\/2020\/03\/email.png\" class=\"attachment-full size-full lazyload\" alt=\"email icon\" data-srcset=\"https:\/\/aerispackaging.com\/wp-content\/uploads\/2020\/03\/email.png 512w, https:\/\/aerispackaging.com\/wp-content\/uploads\/2020\/03\/email-300x300.png 300w, https:\/\/aerispackaging.com\/wp-content\/uploads\/2020\/03\/email-150x150.png 150w\" data-sizes=\"(max-width: 512px) 100vw, 512px\" src=\"data:image\/svg+xml;base64,PHN2ZyB3aWR0aD0iMSIgaGVpZ2h0PSIxIiB4bWxucz0iaHR0cDovL3d3dy53My5vcmcvMjAwMC9zdmciPjwvc3ZnPg==\" style=\"--smush-placeholder-width: 512px; --smush-placeholder-aspect-ratio: 512\/512;\" \/><\/div><div class=\"w-iconbox-meta\"><h4 class=\"w-iconbox-title\" style=\"font-size:20px;\">Notre courriel<\/h4><div class=\"w-iconbox-text\"><p>Courriel: <a href=\"mailto:info@aerispackaging.com\">info@aerispackaging.com<\/a><\/p>\n<\/div><\/div><\/div><\/div><\/div><\/div><\/div><\/div><\/div><\/div><\/div><\/div><\/section><section class=\"l-section wpb_row us_custom_f3f68ac4 height_medium\" id=\"contact-bottom\"><div class=\"l-section-h i-cf\"><div class=\"g-cols vc_row type_default valign_top\"><div class=\"vc_col-sm-12 wpb_column vc_column_container\"><div class=\"vc_column-inner\"><div class=\"wpb_wrapper\"><div class=\"g-cols wpb_row  type_default valign_top vc_inner\"><div class=\"vc_col-sm-6 wpb_column vc_column_container\"><div class=\"vc_column-inner\"><div class=\"wpb_wrapper\">[vc_custom_heading text=&#8221;O\u00f9 nous trouver&#8221; font_container=&#8221;tag:h4|text_align:left&#8221; use_theme_fonts=&#8221;yes&#8221; css=&#8221;%7B%22default%22%3A%7B%22margin-bottom%22%3A%220%22%7D%7D&#8221;]<div class=\"w-separator us_custom_c901145c size_custom contact-separator with_line width_default thick_1 style_solid color_border align_left\" style=\"height:2.5rem;\"><div class=\"w-separator-h\"><\/div><\/div><div class=\"wpb_text_column us_custom_9b84508f\"><div class=\"wpb_wrapper\"><p><iframe style=\"border: 0;\" data-src=\"https:\/\/www.google.com\/maps\/embed?pb=!1m18!1m12!1m3!1d2798.4042635891205!2d-73.7215311230511!3d45.461659733607306!2m3!1f0!2f0!3f0!3m2!1i1024!2i768!4f13.1!3m3!1m2!1s0x4cc93d4d57b36cf1%3A0x4c53008a81ba3570!2sAeris%20Protective%20Packaging%20Inc.!5e0!3m2!1sen!2sca!4v1698161575198!5m2!1sen!2sca\" width=\"600\" height=\"450\" allowfullscreen=\"allowfullscreen\" src=\"data:image\/svg+xml;base64,PHN2ZyB3aWR0aD0iMSIgaGVpZ2h0PSIxIiB4bWxucz0iaHR0cDovL3d3dy53My5vcmcvMjAwMC9zdmciPjwvc3ZnPg==\" class=\"lazyload\" data-load-mode=\"1\"><\/iframe><\/p>\n<\/div><\/div><\/div><\/div><\/div><div class=\"vc_col-sm-6 wpb_column vc_column_container\"><div class=\"vc_column-inner\"><div class=\"wpb_wrapper\">[vc_custom_heading text=&#8221;Vous avez une question?&#8221; font_container=&#8221;tag:h4|text_align:left&#8221; use_theme_fonts=&#8221;yes&#8221; css=&#8221;%7B%22default%22%3A%7B%22margin-bottom%22%3A%220%22%7D%7D&#8221;]<div class=\"w-separator us_custom_c901145c size_custom contact-separator with_line width_default thick_1 style_solid color_border align_left\" style=\"height:2.5rem;\"><div class=\"w-separator-h\"><\/div><\/div>\n<div class=\"wpcf7 no-js\" id=\"wpcf7-f1418-o1\" lang=\"en-US\" dir=\"ltr\" data-wpcf7-id=\"1418\">\n<div class=\"screen-reader-response\"><p role=\"status\" aria-live=\"polite\" aria-atomic=\"true\"><\/p> <ul><\/ul><\/div>\n<form action=\"\/fr\/wp-json\/wp\/v2\/pages\/1426#wpcf7-f1418-o1\" method=\"post\" class=\"wpcf7-form init\" aria-label=\"Contact form\" novalidate=\"novalidate\" data-status=\"init\">\n<fieldset class=\"hidden-fields-container\"><input type=\"hidden\" name=\"_wpcf7\" value=\"1418\" \/><input type=\"hidden\" name=\"_wpcf7_version\" value=\"6.1.5\" \/><input type=\"hidden\" name=\"_wpcf7_locale\" value=\"en_US\" \/><input type=\"hidden\" name=\"_wpcf7_unit_tag\" value=\"wpcf7-f1418-o1\" \/><input type=\"hidden\" name=\"_wpcf7_container_post\" value=\"0\" \/><input type=\"hidden\" name=\"_wpcf7_posted_data_hash\" value=\"\" \/><input type=\"hidden\" name=\"_wpcf7_recaptcha_response\" value=\"\" \/>\n<\/fieldset>\n<p><label><span class=\"wpcf7-form-control-wrap\" data-name=\"sender-firstname\"><input size=\"40\" maxlength=\"400\" class=\"wpcf7-form-control wpcf7-text wpcf7-validates-as-required\" aria-required=\"true\" aria-invalid=\"false\" placeholder=\"Pr\u00e9nom\" value=\"\" type=\"text\" name=\"sender-firstname\" \/><\/span> <\/label>\n<\/p>\n<p><label><span class=\"wpcf7-form-control-wrap\" data-name=\"sender-name\"><input size=\"40\" maxlength=\"400\" class=\"wpcf7-form-control wpcf7-text wpcf7-validates-as-required\" aria-required=\"true\" aria-invalid=\"false\" placeholder=\"Nom\" value=\"\" type=\"text\" name=\"sender-name\" \/><\/span> <\/label>\n<\/p>\n<p><label><span class=\"wpcf7-form-control-wrap\" data-name=\"sender-email\"><input size=\"40\" maxlength=\"400\" class=\"wpcf7-form-control wpcf7-email wpcf7-validates-as-required wpcf7-text wpcf7-validates-as-email\" aria-required=\"true\" aria-invalid=\"false\" placeholder=\"Courriel\" value=\"\" type=\"email\" name=\"sender-email\" \/><\/span> <\/label>\n<\/p>\n<p><label><span class=\"wpcf7-form-control-wrap\" data-name=\"sender-company\"><input size=\"40\" maxlength=\"400\" class=\"wpcf7-form-control wpcf7-text\" aria-invalid=\"false\" placeholder=\"Companie\" value=\"\" type=\"text\" name=\"sender-company\" \/><\/span> <\/label>\n<\/p>\n<p><label><span class=\"wpcf7-form-control-wrap\" data-name=\"your-message\"><textarea cols=\"40\" rows=\"10\" maxlength=\"2000\" class=\"wpcf7-form-control wpcf7-textarea\" aria-invalid=\"false\" placeholder=\"Votre Message\" name=\"your-message\"><\/textarea><\/span> <\/label>\n<\/p>\n<p><input class=\"wpcf7-form-control wpcf7-submit has-spinner\" type=\"submit\" value=\"Envoyer\" \/>\n<\/p><div class=\"wpcf7-response-output\" aria-hidden=\"true\"><\/div>\n<\/form>\n<\/div>\n<\/div><\/div><\/div><\/div><\/div><\/div><\/div><\/div><\/div><\/section>\n","protected":false},"excerpt":{"rendered":"[vc_custom_heading text=\"Contactez-nous\" font_container=\"tag:h1|text_align:center\" use_theme_fonts=\"yes\" css=\"%7B%22default%22%3A%7B%22color%22%3A%22%23ffffff%22%7D%7D\"][vc_custom_heading text=\"Vous demandez-vous comment les emballages \u00e0 chambres \u00e0 air Aeris peuvent mieux prot\u00e9ger vos produits et vous faire \u00e9conomiser de l\u2019argent?\" font_container=\"tag:h3|text_align:center\" use_theme_fonts=\"yes\" css=\"%7B%22default%22%3A%7B%22margin-bottom%22%3A%220%22%7D%7D\"]Notre adresse2260 46th\u00a0Avenue Lachine, Quebec H8T 2P3 Notre num\u00e9ro de t\u00e9l\u00e9phoneToll Free: 1 888 682 8951 Local: 514 360 3421 Notre courrielCourriel: info@aerispackaging.com [vc_custom_heading text=\"O\u00f9 nous trouver\"...","protected":false},"author":4,"featured_media":0,"parent":0,"menu_order":0,"comment_status":"closed","ping_status":"closed","template":"","meta":{"_monsterinsights_skip_tracking":false,"_monsterinsights_sitenote_active":false,"_monsterinsights_sitenote_note":"","_monsterinsights_sitenote_category":0,"footnotes":""},"class_list":["post-1426","page","type-page","status-publish","hentry"],"yoast_head":"<!-- This site is optimized with the Yoast SEO plugin v27.4 - https:\/\/yoast.com\/product\/yoast-seo-wordpress\/ -->\n<title>Nous joindre - Emballage Aeris<\/title>\n<meta name=\"description\" content=\"Wondering how AERIS inflatable air-chamber packaging can better protect your product and save your company money? Call us Toll Free at 1 888 682 8951.\" \/>\n<meta name=\"robots\" content=\"index, follow, max-snippet:-1, max-image-preview:large, max-video-preview:-1\" \/>\n<link rel=\"canonical\" href=\"https:\/\/aerispackaging.com\/fr\/contact\/\" \/>\n<meta property=\"og:locale\" content=\"fr_FR\" \/>\n<meta property=\"og:type\" content=\"article\" \/>\n<meta property=\"og:title\" content=\"Nous joindre - Emballage Aeris\" \/>\n<meta property=\"og:description\" content=\"Wondering how AERIS inflatable air-chamber packaging can better protect your product and save your company money? Call us Toll Free at 1 888 682 8951.\" \/>\n<meta property=\"og:url\" content=\"https:\/\/aerispackaging.com\/fr\/contact\/\" \/>\n<meta property=\"og:site_name\" content=\"Emballage Aeris\" \/>\n<meta property=\"article:publisher\" content=\"https:\/\/www.facebook.com\/aerispackaging\/\" \/>\n<meta property=\"article:modified_time\" content=\"2025-03-06T18:28:08+00:00\" \/>\n<meta name=\"twitter:card\" content=\"summary_large_image\" \/>\n<meta name=\"twitter:site\" content=\"@aerispackaging\" \/>\n<meta name=\"twitter:label1\" content=\"Dur\u00e9e de lecture estim\u00e9e\" \/>\n\t<meta name=\"twitter:data1\" content=\"2 minutes\" \/>\n<script type=\"application\/ld+json\" class=\"yoast-schema-graph\">{\"@context\":\"https:\\\/\\\/schema.org\",\"@graph\":[{\"@type\":\"WebPage\",\"@id\":\"https:\\\/\\\/aerispackaging.com\\\/fr\\\/contact\\\/\",\"url\":\"https:\\\/\\\/aerispackaging.com\\\/fr\\\/contact\\\/\",\"name\":\"Nous joindre - Emballage Aeris\",\"isPartOf\":{\"@id\":\"https:\\\/\\\/aerispackaging.com\\\/#website\"},\"datePublished\":\"2020-03-17T14:56:14+00:00\",\"dateModified\":\"2025-03-06T18:28:08+00:00\",\"description\":\"Wondering how AERIS inflatable air-chamber packaging can better protect your product and save your company money? Call us Toll Free at 1 888 682 8951.\",\"breadcrumb\":{\"@id\":\"https:\\\/\\\/aerispackaging.com\\\/fr\\\/contact\\\/#breadcrumb\"},\"inLanguage\":\"fr-FR\",\"potentialAction\":[{\"@type\":\"ReadAction\",\"target\":[\"https:\\\/\\\/aerispackaging.com\\\/fr\\\/contact\\\/\"]}]},{\"@type\":\"BreadcrumbList\",\"@id\":\"https:\\\/\\\/aerispackaging.com\\\/fr\\\/contact\\\/#breadcrumb\",\"itemListElement\":[{\"@type\":\"ListItem\",\"position\":1,\"name\":\"Home\",\"item\":\"https:\\\/\\\/aerispackaging.com\\\/fr\\\/\"},{\"@type\":\"ListItem\",\"position\":2,\"name\":\"Nous joindre\"}]},{\"@type\":\"WebSite\",\"@id\":\"https:\\\/\\\/aerispackaging.com\\\/#website\",\"url\":\"https:\\\/\\\/aerispackaging.com\\\/\",\"name\":\"Aeris Packaging\",\"description\":\"Protecteur \u00e0 chambres \u00e0 air\",\"publisher\":{\"@id\":\"https:\\\/\\\/aerispackaging.com\\\/#organization\"},\"potentialAction\":[{\"@type\":\"SearchAction\",\"target\":{\"@type\":\"EntryPoint\",\"urlTemplate\":\"https:\\\/\\\/aerispackaging.com\\\/?s={search_term_string}\"},\"query-input\":{\"@type\":\"PropertyValueSpecification\",\"valueRequired\":true,\"valueName\":\"search_term_string\"}}],\"inLanguage\":\"fr-FR\"},{\"@type\":\"Organization\",\"@id\":\"https:\\\/\\\/aerispackaging.com\\\/#organization\",\"name\":\"Emballage Aeris\",\"url\":\"https:\\\/\\\/aerispackaging.com\\\/\",\"logo\":{\"@type\":\"ImageObject\",\"inLanguage\":\"fr-FR\",\"@id\":\"https:\\\/\\\/aerispackaging.com\\\/#\\\/schema\\\/logo\\\/image\\\/\",\"url\":\"https:\\\/\\\/aerispackaging.com\\\/wp-content\\\/uploads\\\/2020\\\/03\\\/Aeris-Packing-logo.png\",\"contentUrl\":\"https:\\\/\\\/aerispackaging.com\\\/wp-content\\\/uploads\\\/2020\\\/03\\\/Aeris-Packing-logo.png\",\"width\":2000,\"height\":531,\"caption\":\"Emballage Aeris\"},\"image\":{\"@id\":\"https:\\\/\\\/aerispackaging.com\\\/#\\\/schema\\\/logo\\\/image\\\/\"},\"sameAs\":[\"https:\\\/\\\/www.facebook.com\\\/aerispackaging\\\/\",\"https:\\\/\\\/x.com\\\/aerispackaging\",\"https:\\\/\\\/www.instagram.com\\\/aeris_packaging\\\/\",\"https:\\\/\\\/www.linkedin.com\\\/company\\\/mlz-air-bagger-packaging\\\/about\\\/\",\"https:\\\/\\\/www.youtube.com\\\/channel\\\/UCJ978Q9pTaFxLtLFuLeWHlA\\\/\"]}]}<\/script>\n<!-- \/ Yoast SEO plugin. -->","yoast_head_json":{"title":"Nous joindre - Emballage Aeris","description":"Wondering how AERIS inflatable air-chamber packaging can better protect your product and save your company money? Call us Toll Free at 1 888 682 8951.","robots":{"index":"index","follow":"follow","max-snippet":"max-snippet:-1","max-image-preview":"max-image-preview:large","max-video-preview":"max-video-preview:-1"},"canonical":"https:\/\/aerispackaging.com\/fr\/contact\/","og_locale":"fr_FR","og_type":"article","og_title":"Nous joindre - Emballage Aeris","og_description":"Wondering how AERIS inflatable air-chamber packaging can better protect your product and save your company money? Call us Toll Free at 1 888 682 8951.","og_url":"https:\/\/aerispackaging.com\/fr\/contact\/","og_site_name":"Emballage Aeris","article_publisher":"https:\/\/www.facebook.com\/aerispackaging\/","article_modified_time":"2025-03-06T18:28:08+00:00","twitter_card":"summary_large_image","twitter_site":"@aerispackaging","twitter_misc":{"Dur\u00e9e de lecture estim\u00e9e":"2 minutes"},"schema":{"@context":"https:\/\/schema.org","@graph":[{"@type":"WebPage","@id":"https:\/\/aerispackaging.com\/fr\/contact\/","url":"https:\/\/aerispackaging.com\/fr\/contact\/","name":"Nous joindre - Emballage Aeris","isPartOf":{"@id":"https:\/\/aerispackaging.com\/#website"},"datePublished":"2020-03-17T14:56:14+00:00","dateModified":"2025-03-06T18:28:08+00:00","description":"Wondering how AERIS inflatable air-chamber packaging can better protect your product and save your company money? Call us Toll Free at 1 888 682 8951.","breadcrumb":{"@id":"https:\/\/aerispackaging.com\/fr\/contact\/#breadcrumb"},"inLanguage":"fr-FR","potentialAction":[{"@type":"ReadAction","target":["https:\/\/aerispackaging.com\/fr\/contact\/"]}]},{"@type":"BreadcrumbList","@id":"https:\/\/aerispackaging.com\/fr\/contact\/#breadcrumb","itemListElement":[{"@type":"ListItem","position":1,"name":"Home","item":"https:\/\/aerispackaging.com\/fr\/"},{"@type":"ListItem","position":2,"name":"Nous joindre"}]},{"@type":"WebSite","@id":"https:\/\/aerispackaging.com\/#website","url":"https:\/\/aerispackaging.com\/","name":"Aeris Packaging","description":"Protecteur \u00e0 chambres \u00e0 air","publisher":{"@id":"https:\/\/aerispackaging.com\/#organization"},"potentialAction":[{"@type":"SearchAction","target":{"@type":"EntryPoint","urlTemplate":"https:\/\/aerispackaging.com\/?s={search_term_string}"},"query-input":{"@type":"PropertyValueSpecification","valueRequired":true,"valueName":"search_term_string"}}],"inLanguage":"fr-FR"},{"@type":"Organization","@id":"https:\/\/aerispackaging.com\/#organization","name":"Emballage Aeris","url":"https:\/\/aerispackaging.com\/","logo":{"@type":"ImageObject","inLanguage":"fr-FR","@id":"https:\/\/aerispackaging.com\/#\/schema\/logo\/image\/","url":"https:\/\/aerispackaging.com\/wp-content\/uploads\/2020\/03\/Aeris-Packing-logo.png","contentUrl":"https:\/\/aerispackaging.com\/wp-content\/uploads\/2020\/03\/Aeris-Packing-logo.png","width":2000,"height":531,"caption":"Emballage Aeris"},"image":{"@id":"https:\/\/aerispackaging.com\/#\/schema\/logo\/image\/"},"sameAs":["https:\/\/www.facebook.com\/aerispackaging\/","https:\/\/x.com\/aerispackaging","https:\/\/www.instagram.com\/aeris_packaging\/","https:\/\/www.linkedin.com\/company\/mlz-air-bagger-packaging\/about\/","https:\/\/www.youtube.com\/channel\/UCJ978Q9pTaFxLtLFuLeWHlA\/"]}]}},"_links":{"self":[{"href":"https:\/\/aerispackaging.com\/fr\/wp-json\/wp\/v2\/pages\/1426","targetHints":{"allow":["GET"]}}],"collection":[{"href":"https:\/\/aerispackaging.com\/fr\/wp-json\/wp\/v2\/pages"}],"about":[{"href":"https:\/\/aerispackaging.com\/fr\/wp-json\/wp\/v2\/types\/page"}],"author":[{"embeddable":true,"href":"https:\/\/aerispackaging.com\/fr\/wp-json\/wp\/v2\/users\/4"}],"replies":[{"embeddable":true,"href":"https:\/\/aerispackaging.com\/fr\/wp-json\/wp\/v2\/comments?post=1426"}],"version-history":[{"count":5,"href":"https:\/\/aerispackaging.com\/fr\/wp-json\/wp\/v2\/pages\/1426\/revisions"}],"predecessor-version":[{"id":2473,"href":"https:\/\/aerispackaging.com\/fr\/wp-json\/wp\/v2\/pages\/1426\/revisions\/2473"}],"wp:attachment":[{"href":"https:\/\/aerispackaging.com\/fr\/wp-json\/wp\/v2\/media?parent=1426"}],"curies":[{"name":"wp","href":"https:\/\/api.w.org\/{rel}","templated":true}]}}