{"id":1447,"date":"2020-04-04T21:06:58","date_gmt":"2020-04-05T01:06:58","guid":{"rendered":"https:\/\/aerispackaging.com\/register\/"},"modified":"2020-04-11T02:05:05","modified_gmt":"2020-04-11T06:05:05","slug":"enregistrement","status":"publish","type":"page","link":"http:\/\/aerispackaging.com\/fr\/enregistrement\/","title":{"rendered":"Enregistrement"},"content":{"rendered":"<section class=\"l-section wpb_row height_large\"><div class=\"l-section-h i-cf\"><div class=\"g-cols vc_row type_default valign_top\"><div class=\"vc_col-sm-12 wpb_column vc_column_container\"><div class=\"vc_column-inner\"><div class=\"wpb_wrapper\">[vc_custom_heading text=&#8221;Bienvenue sur notre page d&#8217;inscription !<br \/>\nVeuillez entrer les informations ci-dessous et vous recevrez un courriel de confirmation !&#8221; font_container=&#8221;tag:h4|text_align:center&#8221; use_theme_fonts=&#8221;yes&#8221; css=&#8221;%7B%22default%22%3A%7B%22line-height%22%3A%221.6%22%2C%22margin-bottom%22%3A%223rem%22%7D%7D&#8221;]<div class=\"g-cols wpb_row  type_default valign_top vc_inner\"><div class=\"vc_col-sm-12 vc_col-md-offset-3 vc_col-md-6 wpb_column vc_column_container\"><div class=\"vc_column-inner\"><div class=\"wpb_wrapper\"><div class=\"wpb_text_column\"><div class=\"wpb_wrapper\">\r\n<div class=\"um um-register um-1562\">\r\n\r\n\t<div class=\"um-form\" data-mode=\"register\">\r\n\r\n\t\t<form method=\"post\" action=\"\">\r\n\r\n\t\t\t<div class=\"um-row _um_row_1 \" style=\"margin: 0 0 30px 0;\"><div class=\"um-col-1\"><div  id=\"um_field_1562_user_login\" class=\"um-field um-field-text  um-field-user_login um-field-text um-field-type_text\" data-key=\"user_login\"><div class=\"um-field-area\"><input  autocomplete=\"off\" class=\"um-form-field valid \" type=\"text\" name=\"user_login-1562\" id=\"user_login-1562\" value=\"\" placeholder=\"Nom d\u2019utilisateur\" data-validate=\"unique_username\" data-key=\"user_login\" \/>\r\n\r\n\t\t\t\t\t\t<\/div><\/div><div  id=\"um_field_1562_first_name\" class=\"um-field um-field-text  um-field-first_name um-field-text um-field-type_text\" data-key=\"first_name\"><div class=\"um-field-area\"><input  autocomplete=\"off\" class=\"um-form-field valid not-required \" type=\"text\" name=\"first_name-1562\" id=\"first_name-1562\" value=\"\" placeholder=\"Pr\u00e9nom\" data-validate=\"\" data-key=\"first_name\" \/>\r\n\r\n\t\t\t\t\t\t<\/div><\/div><div  id=\"um_field_1562_last_name\" class=\"um-field um-field-text  um-field-last_name um-field-text um-field-type_text\" data-key=\"last_name\"><div class=\"um-field-area\"><input  autocomplete=\"off\" class=\"um-form-field valid not-required \" type=\"text\" name=\"last_name-1562\" id=\"last_name-1562\" value=\"\" placeholder=\"Nom\" data-validate=\"\" data-key=\"last_name\" \/>\r\n\r\n\t\t\t\t\t\t<\/div><\/div><div  id=\"um_field_1562_user_email\" class=\"um-field um-field-text  um-field-user_email um-field-text um-field-type_text\" data-key=\"user_email\"><div class=\"um-field-area\"><input  autocomplete=\"off\" class=\"um-form-field valid \" type=\"text\" name=\"user_email-1562\" id=\"user_email-1562\" value=\"\" placeholder=\"Courriel\" data-validate=\"unique_email\" data-key=\"user_email\" \/>\r\n\r\n\t\t\t\t\t\t<\/div><\/div><div  id=\"um_field_1562_company_name\" class=\"um-field um-field-text  um-field-company_name um-field-text um-field-type_text\" data-key=\"company_name\"><div class=\"um-field-area\"><input  autocomplete=\"off\" class=\"um-form-field valid not-required \" type=\"text\" name=\"company_name-1562\" id=\"company_name-1562\" value=\"\" placeholder=\"Nom de la compagnie\" data-validate=\"0\" data-key=\"company_name\" \/>\r\n\r\n\t\t\t\t\t\t<\/div><\/div><div  id=\"um_field_1562_phone_number\" class=\"um-field um-field-text  um-field-phone_number um-field-text um-field-type_text\" data-key=\"phone_number\"><div class=\"um-field-area\"><input  autocomplete=\"off\" class=\"um-form-field valid not-required \" type=\"text\" name=\"phone_number-1562\" id=\"phone_number-1562\" value=\"\" placeholder=\"Num\u00e9ro de t\u00e9l\u00e9phone\" data-validate=\"phone_number\" data-key=\"phone_number\" \/>\r\n\r\n\t\t\t\t\t\t<\/div><\/div><div  id=\"um_field_1562_user_password\" class=\"um-field um-field-password  um-field-user_password um-field-password um-field-type_password\" data-key=\"user_password\"><div class=\"um-field-area\"><input class=\"um-form-field valid \" type=\"password\" name=\"user_password-1562\" id=\"user_password-1562\" value=\"\" placeholder=\"Mot de passe\" data-validate=\"\" data-key=\"user_password\" \/>\r\n\r\n\t\t\t\t\t\t<\/div><\/div><div  id=\"um_field_1562_confirm_user_password\" class=\"um-field um-field-password  um-field-user_password um-field-password um-field-type_password\" data-key=\"confirm_user_password\"><div class=\"um-field-area\"><input class=\"um-form-field valid \" type=\"password\" name=\"confirm_user_password-1562\" id=\"confirm_user_password-1562\" value=\"\" placeholder=\"Mot de passe\" data-validate=\"\" data-key=\"confirm_user_password\" \/>\r\n\r\n\t\t\t\t\t\t\t\t<\/div><\/div><\/div><\/div>\t\t<input type=\"hidden\" name=\"form_id\" id=\"form_id_1562\" value=\"1562\" \/>\r\n\t\r\n\t<input type=\"hidden\" name=\"timestamp\" class=\"um_timestamp\" value=\"1776700176\" \/>\r\n\r\n\t<p class=\"um_request_name\">\r\n\t\t<label for=\"um_request_1562\">Only fill in if you are not human<\/label>\r\n\t\t<input type=\"text\" name=\"um_request\" id=\"um_request_1562\" class=\"input\" value=\"\" size=\"25\" autocomplete=\"off\" \/>\r\n\t<\/p>\r\n\r\n\t<input type=\"hidden\" id=\"_wpnonce\" name=\"_wpnonce\" value=\"5e3fef9d49\" \/><input type=\"hidden\" name=\"_wp_http_referer\" value=\"\/fr\/wp-json\/wp\/v2\/pages\/1447\" \/>\r\n\t<div class=\"um-col-alt\">\r\n\r\n\t\t\r\n\t\t\t<div class=\"um-left um-half\">\r\n\t\t\t\t<input type=\"submit\" value=\"Inscription\" class=\"um-button\" id=\"um-submit-btn\" \/>\r\n\t\t\t<\/div>\r\n\t\t\t<div class=\"um-right um-half\">\r\n\t\t\t\t<a href=\"\/login\/\" class=\"um-button um-alt\">\r\n\t\t\t\t\tConnexion\t\t\t\t<\/a>\r\n\t\t\t<\/div>\r\n\r\n\t\t\r\n\t\t<div class=\"um-clear\"><\/div>\r\n\r\n\t<\/div>\r\n\r\n\t\t\t\r\n\t\t<\/form>\r\n\r\n\t<\/div>\r\n\r\n<\/div><style type=\"text\/css\">\r\n.um-1562.um {\r\n\tmax-width: 100%;\r\n}<\/style>\r\n\n<\/div><\/div><\/div><\/div><\/div><\/div><\/div><\/div><\/div><\/div><\/div><\/section>\n","protected":false},"excerpt":{"rendered":"[vc_custom_heading text=\"Bienvenue sur notre page d'inscription ! Veuillez entrer les informations ci-dessous et vous recevrez un courriel de confirmation !\" font_container=\"tag:h4|text_align:center\" use_theme_fonts=\"yes\" css=\"%7B%22default%22%3A%7B%22line-height%22%3A%221.6%22%2C%22margin-bottom%22%3A%223rem%22%7D%7D\"] Only fill in if you are not human Connexion","protected":false},"author":4,"featured_media":0,"parent":0,"menu_order":0,"comment_status":"closed","ping_status":"closed","template":"","meta":{"_monsterinsights_skip_tracking":false,"_monsterinsights_sitenote_active":false,"_monsterinsights_sitenote_note":"","_monsterinsights_sitenote_category":0,"footnotes":""},"class_list":["post-1447","page","type-page","status-publish","hentry"],"yoast_head":"<!-- This site is optimized with the Yoast SEO plugin v27.4 - https:\/\/yoast.com\/product\/yoast-seo-wordpress\/ -->\n<title>Enregistrement - Emballage Aeris<\/title>\n<meta name=\"robots\" content=\"index, follow, max-snippet:-1, max-image-preview:large, max-video-preview:-1\" \/>\n<link rel=\"canonical\" href=\"https:\/\/aerispackaging.com\/fr\/enregistrement\/\" \/>\n<meta property=\"og:locale\" content=\"fr_FR\" \/>\n<meta property=\"og:type\" content=\"article\" \/>\n<meta property=\"og:title\" content=\"Enregistrement - Emballage Aeris\" \/>\n<meta property=\"og:url\" content=\"https:\/\/aerispackaging.com\/fr\/enregistrement\/\" \/>\n<meta property=\"og:site_name\" content=\"Emballage Aeris\" \/>\n<meta property=\"article:publisher\" content=\"https:\/\/www.facebook.com\/aerispackaging\/\" \/>\n<meta property=\"article:modified_time\" content=\"2020-04-11T06:05:05+00:00\" \/>\n<meta name=\"twitter:card\" content=\"summary_large_image\" \/>\n<meta name=\"twitter:site\" content=\"@aerispackaging\" \/>\n<script type=\"application\/ld+json\" class=\"yoast-schema-graph\">{\"@context\":\"https:\\\/\\\/schema.org\",\"@graph\":[{\"@type\":\"WebPage\",\"@id\":\"https:\\\/\\\/aerispackaging.com\\\/fr\\\/enregistrement\\\/\",\"url\":\"https:\\\/\\\/aerispackaging.com\\\/fr\\\/enregistrement\\\/\",\"name\":\"Enregistrement - Emballage Aeris\",\"isPartOf\":{\"@id\":\"https:\\\/\\\/aerispackaging.com\\\/#website\"},\"datePublished\":\"2020-04-05T01:06:58+00:00\",\"dateModified\":\"2020-04-11T06:05:05+00:00\",\"breadcrumb\":{\"@id\":\"https:\\\/\\\/aerispackaging.com\\\/fr\\\/enregistrement\\\/#breadcrumb\"},\"inLanguage\":\"fr-FR\",\"potentialAction\":[{\"@type\":\"ReadAction\",\"target\":[\"https:\\\/\\\/aerispackaging.com\\\/fr\\\/enregistrement\\\/\"]}]},{\"@type\":\"BreadcrumbList\",\"@id\":\"https:\\\/\\\/aerispackaging.com\\\/fr\\\/enregistrement\\\/#breadcrumb\",\"itemListElement\":[{\"@type\":\"ListItem\",\"position\":1,\"name\":\"Home\",\"item\":\"https:\\\/\\\/aerispackaging.com\\\/fr\\\/\"},{\"@type\":\"ListItem\",\"position\":2,\"name\":\"Enregistrement\"}]},{\"@type\":\"WebSite\",\"@id\":\"https:\\\/\\\/aerispackaging.com\\\/#website\",\"url\":\"https:\\\/\\\/aerispackaging.com\\\/\",\"name\":\"Aeris Packaging\",\"description\":\"Protecteur \u00e0 chambres \u00e0 air\",\"publisher\":{\"@id\":\"https:\\\/\\\/aerispackaging.com\\\/#organization\"},\"potentialAction\":[{\"@type\":\"SearchAction\",\"target\":{\"@type\":\"EntryPoint\",\"urlTemplate\":\"https:\\\/\\\/aerispackaging.com\\\/?s={search_term_string}\"},\"query-input\":{\"@type\":\"PropertyValueSpecification\",\"valueRequired\":true,\"valueName\":\"search_term_string\"}}],\"inLanguage\":\"fr-FR\"},{\"@type\":\"Organization\",\"@id\":\"https:\\\/\\\/aerispackaging.com\\\/#organization\",\"name\":\"Emballage Aeris\",\"url\":\"https:\\\/\\\/aerispackaging.com\\\/\",\"logo\":{\"@type\":\"ImageObject\",\"inLanguage\":\"fr-FR\",\"@id\":\"https:\\\/\\\/aerispackaging.com\\\/#\\\/schema\\\/logo\\\/image\\\/\",\"url\":\"https:\\\/\\\/aerispackaging.com\\\/wp-content\\\/uploads\\\/2020\\\/03\\\/Aeris-Packing-logo.png\",\"contentUrl\":\"https:\\\/\\\/aerispackaging.com\\\/wp-content\\\/uploads\\\/2020\\\/03\\\/Aeris-Packing-logo.png\",\"width\":2000,\"height\":531,\"caption\":\"Emballage Aeris\"},\"image\":{\"@id\":\"https:\\\/\\\/aerispackaging.com\\\/#\\\/schema\\\/logo\\\/image\\\/\"},\"sameAs\":[\"https:\\\/\\\/www.facebook.com\\\/aerispackaging\\\/\",\"https:\\\/\\\/x.com\\\/aerispackaging\",\"https:\\\/\\\/www.instagram.com\\\/aeris_packaging\\\/\",\"https:\\\/\\\/www.linkedin.com\\\/company\\\/mlz-air-bagger-packaging\\\/about\\\/\",\"https:\\\/\\\/www.youtube.com\\\/channel\\\/UCJ978Q9pTaFxLtLFuLeWHlA\\\/\"]}]}<\/script>\n<!-- \/ Yoast SEO plugin. -->","yoast_head_json":{"title":"Enregistrement - Emballage Aeris","robots":{"index":"index","follow":"follow","max-snippet":"max-snippet:-1","max-image-preview":"max-image-preview:large","max-video-preview":"max-video-preview:-1"},"canonical":"https:\/\/aerispackaging.com\/fr\/enregistrement\/","og_locale":"fr_FR","og_type":"article","og_title":"Enregistrement - Emballage Aeris","og_url":"https:\/\/aerispackaging.com\/fr\/enregistrement\/","og_site_name":"Emballage Aeris","article_publisher":"https:\/\/www.facebook.com\/aerispackaging\/","article_modified_time":"2020-04-11T06:05:05+00:00","twitter_card":"summary_large_image","twitter_site":"@aerispackaging","schema":{"@context":"https:\/\/schema.org","@graph":[{"@type":"WebPage","@id":"https:\/\/aerispackaging.com\/fr\/enregistrement\/","url":"https:\/\/aerispackaging.com\/fr\/enregistrement\/","name":"Enregistrement - Emballage Aeris","isPartOf":{"@id":"https:\/\/aerispackaging.com\/#website"},"datePublished":"2020-04-05T01:06:58+00:00","dateModified":"2020-04-11T06:05:05+00:00","breadcrumb":{"@id":"https:\/\/aerispackaging.com\/fr\/enregistrement\/#breadcrumb"},"inLanguage":"fr-FR","potentialAction":[{"@type":"ReadAction","target":["https:\/\/aerispackaging.com\/fr\/enregistrement\/"]}]},{"@type":"BreadcrumbList","@id":"https:\/\/aerispackaging.com\/fr\/enregistrement\/#breadcrumb","itemListElement":[{"@type":"ListItem","position":1,"name":"Home","item":"https:\/\/aerispackaging.com\/fr\/"},{"@type":"ListItem","position":2,"name":"Enregistrement"}]},{"@type":"WebSite","@id":"https:\/\/aerispackaging.com\/#website","url":"https:\/\/aerispackaging.com\/","name":"Aeris Packaging","description":"Protecteur \u00e0 chambres \u00e0 air","publisher":{"@id":"https:\/\/aerispackaging.com\/#organization"},"potentialAction":[{"@type":"SearchAction","target":{"@type":"EntryPoint","urlTemplate":"https:\/\/aerispackaging.com\/?s={search_term_string}"},"query-input":{"@type":"PropertyValueSpecification","valueRequired":true,"valueName":"search_term_string"}}],"inLanguage":"fr-FR"},{"@type":"Organization","@id":"https:\/\/aerispackaging.com\/#organization","name":"Emballage Aeris","url":"https:\/\/aerispackaging.com\/","logo":{"@type":"ImageObject","inLanguage":"fr-FR","@id":"https:\/\/aerispackaging.com\/#\/schema\/logo\/image\/","url":"https:\/\/aerispackaging.com\/wp-content\/uploads\/2020\/03\/Aeris-Packing-logo.png","contentUrl":"https:\/\/aerispackaging.com\/wp-content\/uploads\/2020\/03\/Aeris-Packing-logo.png","width":2000,"height":531,"caption":"Emballage Aeris"},"image":{"@id":"https:\/\/aerispackaging.com\/#\/schema\/logo\/image\/"},"sameAs":["https:\/\/www.facebook.com\/aerispackaging\/","https:\/\/x.com\/aerispackaging","https:\/\/www.instagram.com\/aeris_packaging\/","https:\/\/www.linkedin.com\/company\/mlz-air-bagger-packaging\/about\/","https:\/\/www.youtube.com\/channel\/UCJ978Q9pTaFxLtLFuLeWHlA\/"]}]}},"_links":{"self":[{"href":"http:\/\/aerispackaging.com\/fr\/wp-json\/wp\/v2\/pages\/1447","targetHints":{"allow":["GET"]}}],"collection":[{"href":"http:\/\/aerispackaging.com\/fr\/wp-json\/wp\/v2\/pages"}],"about":[{"href":"http:\/\/aerispackaging.com\/fr\/wp-json\/wp\/v2\/types\/page"}],"author":[{"embeddable":true,"href":"http:\/\/aerispackaging.com\/fr\/wp-json\/wp\/v2\/users\/4"}],"replies":[{"embeddable":true,"href":"http:\/\/aerispackaging.com\/fr\/wp-json\/wp\/v2\/comments?post=1447"}],"version-history":[{"count":1,"href":"http:\/\/aerispackaging.com\/fr\/wp-json\/wp\/v2\/pages\/1447\/revisions"}],"predecessor-version":[{"id":1618,"href":"http:\/\/aerispackaging.com\/fr\/wp-json\/wp\/v2\/pages\/1447\/revisions\/1618"}],"wp:attachment":[{"href":"http:\/\/aerispackaging.com\/fr\/wp-json\/wp\/v2\/media?parent=1447"}],"curies":[{"name":"wp","href":"https:\/\/api.w.org\/{rel}","templated":true}]}}