{"id":1430,"date":"2020-03-17T10:55:38","date_gmt":"2020-03-17T14:55:38","guid":{"rendered":"https:\/\/aerispackaging.com\/blog\/"},"modified":"2020-04-11T02:04:45","modified_gmt":"2020-04-11T06:04:45","slug":"blogue","status":"publish","type":"page","link":"http:\/\/aerispackaging.com\/fr\/blogue\/","title":{"rendered":"Blogue"},"content":{"rendered":"<section class=\"l-section wpb_row height_huge with_img parallax_fixed with_overlay\"><div class=\"l-section-img lazyload\" style=\"background-image:inherit;background-repeat: no-repeat;\" data-img-width=\"2500\" data-img-height=\"1667\" data-bg-image=\"url(http:\/\/aerispackaging.com\/wp-content\/uploads\/2020\/03\/Aeris-Blog.jpg)\"><\/div><div class=\"l-section-overlay\" style=\"background: rgba(0,0,0,0.2)\"><\/div><div class=\"l-section-h i-cf\"><div class=\"g-cols vc_row type_default valign_middle\"><div class=\"vc_col-sm-12 wpb_column vc_column_container\"><div class=\"vc_column-inner\"><div class=\"wpb_wrapper\">[vc_custom_heading text=&#8221;Blogue&#8221; font_container=&#8221;tag:h1|text_align:center&#8221; use_theme_fonts=&#8221;yes&#8221; css=&#8221;%7B%22default%22%3A%7B%22color%22%3A%22%23ffffff%22%7D%7D&#8221;]<\/div><\/div><\/div><\/div><\/div><\/section><section class=\"l-section wpb_row us_custom_f1bdabef height_medium\"><div class=\"l-section-h i-cf\"><div class=\"g-cols vc_row type_default valign_top\"><div class=\"vc_col-sm-12 wpb_column vc_column_container\"><div class=\"vc_column-inner\"><div class=\"wpb_wrapper\">[vc_custom_heading text=&#8221;Nouvelles int\u00e9ressantes dont vous avez besoin&#8221; font_container=&#8221;tag:h3|text_align:center&#8221; use_theme_fonts=&#8221;yes&#8221;]<div class=\"wpb_text_column\"><div class=\"wpb_wrapper\"><p>Vous voulez en savoir plus sur notre industrie et ce qu\u2019Emballages Aeris a \u00e0 vous offrir? Nous publierons d\u2019int\u00e9ressants articles de blogue chaque mois! Pour rester \u00e0 jour, inscrivez-vous \u00e0 notre infolettre ici-bas.<\/p>\n<\/div><\/div><\/div><\/div><\/div><\/div><\/div><\/section><section class=\"l-section wpb_row height_medium\"><div class=\"l-section-h i-cf\"><div class=\"g-cols vc_row type_default valign_top\"><div class=\"vc_col-sm-8 wpb_column vc_column_container\"><div class=\"vc_column-inner\"><div class=\"wpb_wrapper\"><div class=\"w-grid type_grid layout_blog_cards cols_2 overflow_hidden\" id=\"blog-cards\"><style id=\"blog-cards_css\">#blog-cards .w-grid-item{padding:1.5rem}#blog-cards .w-grid-list{margin:-1.5rem -1.5rem 1.5rem}.w-grid + #blog-cards .w-grid-list{margin-top:1.5rem}@media (max-width:766px){#blog-cards .w-grid-list{margin:0}#blog-cards .w-grid-item{width:100%;padding:0;margin-bottom:1.5rem}}<\/style><style>.layout_blog_cards .w-grid-item-h{background:#ffffff;color:#000000;box-shadow:0 0.03rem 0.06rem rgba(0,0,0,0.1),0 0.10rem 0.30rem rgba(0,0,0,0.1);transition-duration:0.3s}.no-touch .layout_blog_cards .w-grid-item-h:hover{box-shadow:0 0.10rem 0.20rem rgba(0,0,0,0.1),0 0.33rem 1.00rem rgba(0,0,0,0.15);z-index:4}.layout_blog_cards .usg_post_title_1{font-size:1.4rem!important;font-weight:700!important}.layout_blog_cards .usg_vwrapper_1{padding:9% 11% 11% 11%!important}.layout_blog_cards .usg_post_taxonomy_1{font-weight:700!important;text-transform:uppercase!important;font-size:10px!important;position:absolute!important;top:1.2rem!important;right:1.2rem!important;left:1.2rem!important}.layout_blog_cards .usg_hwrapper_1{color:#999999!important;font-size:0.9rem!important}@media (max-width:599px){.layout_blog_cards .usg_post_title_1{font-size:1.2rem!important}}<\/style><div class=\"w-grid-list\"><article class=\"w-grid-item size_1x1 post-1532 post type-post status-publish format-standard has-post-thumbnail hentry category-nouvelles\" data-id=\"1532\">\r\n\t<div class=\"w-grid-item-h\">\r\n\t\t\t\t<div class=\"w-post-elm post_image usg_post_image_1 stretched\"><a href=\"http:\/\/aerispackaging.com\/fr\/5-manieres-dutiliser-nos-emballages\/\" aria-label=\"5 mani\u00e8res d\u2019utiliser nos emballages !\"><img decoding=\"async\" width=\"820\" height=\"1024\" data-src=\"http:\/\/aerispackaging.com\/wp-content\/uploads\/2020\/03\/5-ways-to-utilize-aeris-packaging-820x1024.jpg\" class=\"attachment-large size-large wp-post-image lazyload\" alt=\"\" data-srcset=\"http:\/\/aerispackaging.com\/wp-content\/uploads\/2020\/03\/5-ways-to-utilize-aeris-packaging-820x1024.jpg 820w, http:\/\/aerispackaging.com\/wp-content\/uploads\/2020\/03\/5-ways-to-utilize-aeris-packaging-240x300.jpg 240w, http:\/\/aerispackaging.com\/wp-content\/uploads\/2020\/03\/5-ways-to-utilize-aeris-packaging-1230x1536.jpg 1230w, http:\/\/aerispackaging.com\/wp-content\/uploads\/2020\/03\/5-ways-to-utilize-aeris-packaging.jpg 1601w\" data-sizes=\"(max-width: 820px) 100vw, 820px\" src=\"data:image\/svg+xml;base64,PHN2ZyB3aWR0aD0iMSIgaGVpZ2h0PSIxIiB4bWxucz0iaHR0cDovL3d3dy53My5vcmcvMjAwMC9zdmciPjwvc3ZnPg==\" style=\"--smush-placeholder-width: 820px; --smush-placeholder-aspect-ratio: 820\/1024;\" \/><\/a><\/div><div class=\"w-post-elm post_taxonomy usg_post_taxonomy_1 style_badge color_link_inherit\"><a class=\"w-btn us-btn-style_badge\" href=\"http:\/\/aerispackaging.com\/fr\/category\/nouvelles\/\"><span class=\"w-btn-label\">Nouvelles<\/span><\/a><\/div><div class=\"w-vwrapper usg_vwrapper_1 align_left valign_top \"><h2 class=\"w-post-elm post_title usg_post_title_1 entry-title color_link_inherit\"><a href=\"http:\/\/aerispackaging.com\/fr\/5-manieres-dutiliser-nos-emballages\/\">5 mani\u00e8res d\u2019utiliser nos emballages !<\/a><\/h2><div class=\"w-hwrapper usg_hwrapper_1 align_left valign_top wrap \"><time class=\"w-post-elm post_date usg_post_date_1 entry-date published\" datetime=\"2020-03-28T02:25:26-04:00\" title=\"28 mars 2020 \u00e0 02:25:26 America\/Toronto\">28 Mar 2020<\/time><\/div><div class=\"w-post-elm post_content usg_post_content_1\">Avec toutes les ressources que vous investissez dans le d\u00e9veloppement de votre marque et de vos produits, il est normal\u2026<\/div><\/div>\t<\/div>\r\n<\/article>\r\n<\/div>\t<div class=\"w-grid-json hidden\" onclick='return {&quot;ajax_url&quot;:&quot;http:\\\/\\\/aerispackaging.com\\\/wp-admin\\\/admin-ajax.php&quot;,&quot;permalink_url&quot;:&quot;http:\\\/\\\/aerispackaging.com\\\/fr\\\/5-manieres-dutiliser-nos-emballages\\\/&quot;,&quot;action&quot;:&quot;us_ajax_grid&quot;,&quot;max_num_pages&quot;:1,&quot;infinite_scroll&quot;:0,&quot;template_vars&quot;:{&quot;query_args&quot;:{&quot;post_type&quot;:[&quot;post&quot;],&quot;post_status&quot;:[&quot;publish&quot;],&quot;orderby&quot;:{&quot;date&quot;:&quot;DESC&quot;},&quot;posts_per_page&quot;:&quot;12&quot;},&quot;post_id&quot;:1430,&quot;us_grid_index&quot;:1,&quot;us_grid_ajax_index&quot;:1,&quot;exclude_items&quot;:&quot;none&quot;,&quot;items_offset&quot;:&quot;1&quot;,&quot;items_layout&quot;:&quot;blog_cards&quot;,&quot;type&quot;:&quot;grid&quot;,&quot;columns&quot;:&quot;2&quot;,&quot;img_size&quot;:&quot;default&quot;,&quot;overriding_link&quot;:&quot;none&quot;,&quot;lang&quot;:&quot;fr&quot;}}'><\/div>\r\n<\/div><\/div><\/div><\/div><div class=\"vc_col-sm-4 wpb_column vc_column_container\" id=\"blog-sidebar\"><div class=\"vc_column-inner\"><div class=\"wpb_wrapper\">[vc_custom_heading text=&#8221;Infolettre&#8221; font_container=&#8221;tag:h5|text_align:left&#8221; use_theme_fonts=&#8221;yes&#8221;]<div class=\"wpb_text_column\"><div class=\"wpb_wrapper\"><p>Restez \u00e0 jour avec les standards de l\u2019industrie, nouvelles technologies et promotions en vous abonnant \u00e0 notre infolettre!<\/p>\n<\/div><\/div>\n<div class=\"wpcf7 no-js\" id=\"wpcf7-f1419-o1\" lang=\"en-US\" dir=\"ltr\" data-wpcf7-id=\"1419\">\n<div class=\"screen-reader-response\"><p role=\"status\" aria-live=\"polite\" aria-atomic=\"true\"><\/p> <ul><\/ul><\/div>\n<form action=\"\/fr\/wp-json\/wp\/v2\/pages\/1430#wpcf7-f1419-o1\" method=\"post\" class=\"wpcf7-form init\" aria-label=\"Contact form\" novalidate=\"novalidate\" data-status=\"init\">\n<fieldset class=\"hidden-fields-container\"><input type=\"hidden\" name=\"_wpcf7\" value=\"1419\" \/><input type=\"hidden\" name=\"_wpcf7_version\" value=\"6.1.5\" \/><input type=\"hidden\" name=\"_wpcf7_locale\" value=\"en_US\" \/><input type=\"hidden\" name=\"_wpcf7_unit_tag\" value=\"wpcf7-f1419-o1\" \/><input type=\"hidden\" name=\"_wpcf7_container_post\" value=\"0\" \/><input type=\"hidden\" name=\"_wpcf7_posted_data_hash\" value=\"\" \/><input type=\"hidden\" name=\"_wpcf7_recaptcha_response\" value=\"\" \/>\n<\/fieldset>\n<p><span class=\"wpcf7-form-control-wrap\" data-name=\"user-name\"><input size=\"40\" maxlength=\"400\" class=\"wpcf7-form-control wpcf7-text wpcf7-validates-as-required newsletter-name\" aria-required=\"true\" aria-invalid=\"false\" placeholder=\"Nom\" value=\"\" type=\"text\" name=\"user-name\" \/><\/span>\n<\/p>\n<p><span class=\"wpcf7-form-control-wrap\" data-name=\"company-name\"><input size=\"40\" maxlength=\"400\" class=\"wpcf7-form-control wpcf7-text wpcf7-validates-as-required newsletter-name\" aria-required=\"true\" aria-invalid=\"false\" placeholder=\"Nom de la compagnie\" value=\"\" type=\"text\" name=\"company-name\" \/><\/span>\n<\/p>\n<p><span class=\"wpcf7-form-control-wrap\" data-name=\"user-email\"><input size=\"40\" maxlength=\"400\" class=\"wpcf7-form-control wpcf7-email wpcf7-validates-as-required wpcf7-text wpcf7-validates-as-email\" aria-required=\"true\" aria-invalid=\"false\" placeholder=\"Courriel\" value=\"\" type=\"email\" name=\"user-email\" \/><\/span><input class=\"wpcf7-form-control wpcf7-submit has-spinner\" type=\"submit\" value=\"Go!\" \/>\n<\/p><div class=\"wpcf7-response-output\" aria-hidden=\"true\"><\/div>\n<\/form>\n<\/div>\n<div class=\"w-separator size_small with_line width_50 thick_1 style_solid color_border align_center\"><div class=\"w-separator-h\"><\/div><\/div>[vc_custom_heading text=&#8221;Connectez avec nous&#8221; font_container=&#8221;tag:h5|text_align:left&#8221; use_theme_fonts=&#8221;yes&#8221;]<div class=\"w-socials us_custom_01bdceb0 sidebar-social style_solid hover_fade color_link shape_circle\"><div class=\"w-socials-list\" style=\"margin:-2px;\"><div class=\"w-socials-item instagram\" style=\"padding:2px;\"><a class=\"w-socials-item-link\" rel=\"noopener nofollow\" target=\"_blank\" href=\"\" title=\"Instagram\" aria-label=\"Instagram\"><span class=\"w-socials-item-link-hover\"><\/span><\/a><\/div><div class=\"w-socials-item linkedin\" style=\"padding:2px;\"><a class=\"w-socials-item-link\" rel=\"noopener nofollow\" target=\"_blank\" href=\"https:\/\/www.linkedin.com\/company\/mlz-air-bagger-packaging\/about\/\" title=\"LinkedIn\" aria-label=\"LinkedIn\"><span class=\"w-socials-item-link-hover\"><\/span><\/a><\/div><div class=\"w-socials-item twitter\" style=\"padding:2px;\"><a class=\"w-socials-item-link\" rel=\"noopener nofollow\" target=\"_blank\" href=\"https:\/\/twitter.com\/aerispackaging\" title=\"Twitter\" aria-label=\"Twitter\"><span class=\"w-socials-item-link-hover\"><\/span><\/a><\/div><div class=\"w-socials-item youtube\" style=\"padding:2px;\"><a class=\"w-socials-item-link\" rel=\"noopener nofollow\" target=\"_blank\" href=\"https:\/\/www.youtube.com\/channel\/UCJ978Q9pTaFxLtLFuLeWHlA\/\" title=\"YouTube\" aria-label=\"YouTube\"><span class=\"w-socials-item-link-hover\"><\/span><\/a><\/div><\/div><\/div><div class=\"w-separator size_small with_line width_50 thick_1 style_solid color_border align_center\"><div class=\"w-separator-h\"><\/div><\/div>[vc_custom_heading text=&#8221;Recent Blogs&#8221; font_container=&#8221;tag:h5|text_align:left&#8221; use_theme_fonts=&#8221;yes&#8221;]<div class=\"w-grid type_grid layout_1489\" id=\"us_grid_2\"><style id=\"us_grid_2_css\">#us_grid_2 .w-grid-item:not(:last-child){margin-bottom:1rem}#us_grid_2 .g-loadmore{margin-top:1rem}<\/style><style>.layout_1489 .w-grid-item-h{}.layout_1489 .usg_post_title_1{margin-bottom:10px!important}<\/style><div class=\"w-grid-list\"><article class=\"w-grid-item size_1x1 post-1532 post type-post status-publish format-standard has-post-thumbnail hentry category-nouvelles\" data-id=\"1532\">\r\n\t<div class=\"w-grid-item-h\">\r\n\t\t\t\t<p class=\"w-post-elm post_title usg_post_title_1 entry-title color_link_inherit\"><a href=\"http:\/\/aerispackaging.com\/fr\/5-manieres-dutiliser-nos-emballages\/\">5 mani\u00e8res d\u2019utiliser nos emballages !<\/a><\/p>\t<\/div>\r\n<\/article>\r\n<\/div>\t<div class=\"w-grid-json hidden\" onclick='return {&quot;ajax_url&quot;:&quot;http:\\\/\\\/aerispackaging.com\\\/wp-admin\\\/admin-ajax.php&quot;,&quot;permalink_url&quot;:&quot;http:\\\/\\\/aerispackaging.com\\\/fr\\\/5-manieres-dutiliser-nos-emballages\\\/&quot;,&quot;action&quot;:&quot;us_ajax_grid&quot;,&quot;max_num_pages&quot;:1,&quot;infinite_scroll&quot;:0,&quot;template_vars&quot;:{&quot;query_args&quot;:{&quot;post_type&quot;:[&quot;post&quot;],&quot;post_status&quot;:[&quot;publish&quot;],&quot;orderby&quot;:{&quot;date&quot;:&quot;DESC&quot;},&quot;posts_per_page&quot;:&quot;5&quot;},&quot;post_id&quot;:1532,&quot;us_grid_index&quot;:2,&quot;us_grid_ajax_index&quot;:1,&quot;exclude_items&quot;:&quot;none&quot;,&quot;items_offset&quot;:&quot;1&quot;,&quot;items_layout&quot;:&quot;1489&quot;,&quot;type&quot;:&quot;grid&quot;,&quot;columns&quot;:&quot;1&quot;,&quot;img_size&quot;:&quot;default&quot;,&quot;overriding_link&quot;:&quot;none&quot;,&quot;lang&quot;:&quot;fr&quot;}}'><\/div>\r\n<\/div><div class=\"w-separator size_small with_line width_50 thick_1 style_solid color_border align_center\"><div class=\"w-separator-h\"><\/div><\/div>[vc_custom_heading text=&#8221;Tags&#8221; font_container=&#8221;tag:h5|text_align:left&#8221; use_theme_fonts=&#8221;yes&#8221;][vc_wp_tagcloud taxonomy=&#8221;post_tag&#8221;]<\/div><\/div><\/div><\/div><\/div><\/section>\n","protected":false},"excerpt":{"rendered":"Avec toutes les ressources que vous investissez dans le d\u00e9veloppement de votre marque et de vos produits, il est normal d\u2019investir autant d\u2019effort dans l\u2019emballage de livraison. Le rapport efficacit\u00e9-prix de c\u00f4t\u00e9, il y a de multiples raisons qui expliqueront pourquoi choisir la bonne entreprise d\u2019emballage sera un facteur de succ\u00e8s de votre entreprise et...","protected":false},"author":4,"featured_media":0,"parent":0,"menu_order":0,"comment_status":"closed","ping_status":"closed","template":"","meta":{"_monsterinsights_skip_tracking":false,"_monsterinsights_sitenote_active":false,"_monsterinsights_sitenote_note":"","_monsterinsights_sitenote_category":0,"footnotes":""},"class_list":["post-1430","page","type-page","status-publish","hentry"],"yoast_head":"<!-- This site is optimized with the Yoast SEO plugin v27.4 - https:\/\/yoast.com\/product\/yoast-seo-wordpress\/ -->\n<title>Blogue - Emballage Aeris<\/title>\n<meta name=\"robots\" content=\"index, follow, max-snippet:-1, max-image-preview:large, max-video-preview:-1\" \/>\n<link rel=\"canonical\" href=\"https:\/\/aerispackaging.com\/fr\/blogue\/\" \/>\n<meta property=\"og:locale\" content=\"fr_FR\" \/>\n<meta property=\"og:type\" content=\"article\" \/>\n<meta property=\"og:title\" content=\"Blogue - Emballage Aeris\" \/>\n<meta property=\"og:url\" content=\"https:\/\/aerispackaging.com\/fr\/blogue\/\" \/>\n<meta property=\"og:site_name\" content=\"Emballage Aeris\" \/>\n<meta property=\"article:publisher\" content=\"https:\/\/www.facebook.com\/aerispackaging\/\" \/>\n<meta property=\"article:modified_time\" content=\"2020-04-11T06:04:45+00:00\" \/>\n<meta name=\"twitter:card\" content=\"summary_large_image\" \/>\n<meta name=\"twitter:site\" content=\"@aerispackaging\" \/>\n<meta name=\"twitter:label1\" content=\"Dur\u00e9e de lecture estim\u00e9e\" \/>\n\t<meta name=\"twitter:data1\" content=\"2 minutes\" \/>\n<script type=\"application\/ld+json\" class=\"yoast-schema-graph\">{\"@context\":\"https:\\\/\\\/schema.org\",\"@graph\":[{\"@type\":\"WebPage\",\"@id\":\"https:\\\/\\\/aerispackaging.com\\\/fr\\\/blogue\\\/\",\"url\":\"https:\\\/\\\/aerispackaging.com\\\/fr\\\/blogue\\\/\",\"name\":\"Blogue - Emballage Aeris\",\"isPartOf\":{\"@id\":\"https:\\\/\\\/aerispackaging.com\\\/#website\"},\"datePublished\":\"2020-03-17T14:55:38+00:00\",\"dateModified\":\"2020-04-11T06:04:45+00:00\",\"breadcrumb\":{\"@id\":\"https:\\\/\\\/aerispackaging.com\\\/fr\\\/blogue\\\/#breadcrumb\"},\"inLanguage\":\"fr-FR\",\"potentialAction\":[{\"@type\":\"ReadAction\",\"target\":[\"https:\\\/\\\/aerispackaging.com\\\/fr\\\/blogue\\\/\"]}]},{\"@type\":\"BreadcrumbList\",\"@id\":\"https:\\\/\\\/aerispackaging.com\\\/fr\\\/blogue\\\/#breadcrumb\",\"itemListElement\":[{\"@type\":\"ListItem\",\"position\":1,\"name\":\"Home\",\"item\":\"https:\\\/\\\/aerispackaging.com\\\/fr\\\/\"},{\"@type\":\"ListItem\",\"position\":2,\"name\":\"Blogue\"}]},{\"@type\":\"WebSite\",\"@id\":\"https:\\\/\\\/aerispackaging.com\\\/#website\",\"url\":\"https:\\\/\\\/aerispackaging.com\\\/\",\"name\":\"Aeris Packaging\",\"description\":\"Protecteur \u00e0 chambres \u00e0 air\",\"publisher\":{\"@id\":\"https:\\\/\\\/aerispackaging.com\\\/#organization\"},\"potentialAction\":[{\"@type\":\"SearchAction\",\"target\":{\"@type\":\"EntryPoint\",\"urlTemplate\":\"https:\\\/\\\/aerispackaging.com\\\/?s={search_term_string}\"},\"query-input\":{\"@type\":\"PropertyValueSpecification\",\"valueRequired\":true,\"valueName\":\"search_term_string\"}}],\"inLanguage\":\"fr-FR\"},{\"@type\":\"Organization\",\"@id\":\"https:\\\/\\\/aerispackaging.com\\\/#organization\",\"name\":\"Emballage Aeris\",\"url\":\"https:\\\/\\\/aerispackaging.com\\\/\",\"logo\":{\"@type\":\"ImageObject\",\"inLanguage\":\"fr-FR\",\"@id\":\"https:\\\/\\\/aerispackaging.com\\\/#\\\/schema\\\/logo\\\/image\\\/\",\"url\":\"https:\\\/\\\/aerispackaging.com\\\/wp-content\\\/uploads\\\/2020\\\/03\\\/Aeris-Packing-logo.png\",\"contentUrl\":\"https:\\\/\\\/aerispackaging.com\\\/wp-content\\\/uploads\\\/2020\\\/03\\\/Aeris-Packing-logo.png\",\"width\":2000,\"height\":531,\"caption\":\"Emballage Aeris\"},\"image\":{\"@id\":\"https:\\\/\\\/aerispackaging.com\\\/#\\\/schema\\\/logo\\\/image\\\/\"},\"sameAs\":[\"https:\\\/\\\/www.facebook.com\\\/aerispackaging\\\/\",\"https:\\\/\\\/x.com\\\/aerispackaging\",\"https:\\\/\\\/www.instagram.com\\\/aeris_packaging\\\/\",\"https:\\\/\\\/www.linkedin.com\\\/company\\\/mlz-air-bagger-packaging\\\/about\\\/\",\"https:\\\/\\\/www.youtube.com\\\/channel\\\/UCJ978Q9pTaFxLtLFuLeWHlA\\\/\"]}]}<\/script>\n<!-- \/ Yoast SEO plugin. -->","yoast_head_json":{"title":"Blogue - Emballage Aeris","robots":{"index":"index","follow":"follow","max-snippet":"max-snippet:-1","max-image-preview":"max-image-preview:large","max-video-preview":"max-video-preview:-1"},"canonical":"https:\/\/aerispackaging.com\/fr\/blogue\/","og_locale":"fr_FR","og_type":"article","og_title":"Blogue - Emballage Aeris","og_url":"https:\/\/aerispackaging.com\/fr\/blogue\/","og_site_name":"Emballage Aeris","article_publisher":"https:\/\/www.facebook.com\/aerispackaging\/","article_modified_time":"2020-04-11T06:04:45+00:00","twitter_card":"summary_large_image","twitter_site":"@aerispackaging","twitter_misc":{"Dur\u00e9e de lecture estim\u00e9e":"2 minutes"},"schema":{"@context":"https:\/\/schema.org","@graph":[{"@type":"WebPage","@id":"https:\/\/aerispackaging.com\/fr\/blogue\/","url":"https:\/\/aerispackaging.com\/fr\/blogue\/","name":"Blogue - Emballage Aeris","isPartOf":{"@id":"https:\/\/aerispackaging.com\/#website"},"datePublished":"2020-03-17T14:55:38+00:00","dateModified":"2020-04-11T06:04:45+00:00","breadcrumb":{"@id":"https:\/\/aerispackaging.com\/fr\/blogue\/#breadcrumb"},"inLanguage":"fr-FR","potentialAction":[{"@type":"ReadAction","target":["https:\/\/aerispackaging.com\/fr\/blogue\/"]}]},{"@type":"BreadcrumbList","@id":"https:\/\/aerispackaging.com\/fr\/blogue\/#breadcrumb","itemListElement":[{"@type":"ListItem","position":1,"name":"Home","item":"https:\/\/aerispackaging.com\/fr\/"},{"@type":"ListItem","position":2,"name":"Blogue"}]},{"@type":"WebSite","@id":"https:\/\/aerispackaging.com\/#website","url":"https:\/\/aerispackaging.com\/","name":"Aeris Packaging","description":"Protecteur \u00e0 chambres \u00e0 air","publisher":{"@id":"https:\/\/aerispackaging.com\/#organization"},"potentialAction":[{"@type":"SearchAction","target":{"@type":"EntryPoint","urlTemplate":"https:\/\/aerispackaging.com\/?s={search_term_string}"},"query-input":{"@type":"PropertyValueSpecification","valueRequired":true,"valueName":"search_term_string"}}],"inLanguage":"fr-FR"},{"@type":"Organization","@id":"https:\/\/aerispackaging.com\/#organization","name":"Emballage Aeris","url":"https:\/\/aerispackaging.com\/","logo":{"@type":"ImageObject","inLanguage":"fr-FR","@id":"https:\/\/aerispackaging.com\/#\/schema\/logo\/image\/","url":"https:\/\/aerispackaging.com\/wp-content\/uploads\/2020\/03\/Aeris-Packing-logo.png","contentUrl":"https:\/\/aerispackaging.com\/wp-content\/uploads\/2020\/03\/Aeris-Packing-logo.png","width":2000,"height":531,"caption":"Emballage Aeris"},"image":{"@id":"https:\/\/aerispackaging.com\/#\/schema\/logo\/image\/"},"sameAs":["https:\/\/www.facebook.com\/aerispackaging\/","https:\/\/x.com\/aerispackaging","https:\/\/www.instagram.com\/aeris_packaging\/","https:\/\/www.linkedin.com\/company\/mlz-air-bagger-packaging\/about\/","https:\/\/www.youtube.com\/channel\/UCJ978Q9pTaFxLtLFuLeWHlA\/"]}]}},"_links":{"self":[{"href":"http:\/\/aerispackaging.com\/fr\/wp-json\/wp\/v2\/pages\/1430","targetHints":{"allow":["GET"]}}],"collection":[{"href":"http:\/\/aerispackaging.com\/fr\/wp-json\/wp\/v2\/pages"}],"about":[{"href":"http:\/\/aerispackaging.com\/fr\/wp-json\/wp\/v2\/types\/page"}],"author":[{"embeddable":true,"href":"http:\/\/aerispackaging.com\/fr\/wp-json\/wp\/v2\/users\/4"}],"replies":[{"embeddable":true,"href":"http:\/\/aerispackaging.com\/fr\/wp-json\/wp\/v2\/comments?post=1430"}],"version-history":[{"count":1,"href":"http:\/\/aerispackaging.com\/fr\/wp-json\/wp\/v2\/pages\/1430\/revisions"}],"predecessor-version":[{"id":1611,"href":"http:\/\/aerispackaging.com\/fr\/wp-json\/wp\/v2\/pages\/1430\/revisions\/1611"}],"wp:attachment":[{"href":"http:\/\/aerispackaging.com\/fr\/wp-json\/wp\/v2\/media?parent=1430"}],"curies":[{"name":"wp","href":"https:\/\/api.w.org\/{rel}","templated":true}]}}