{"id":1428,"date":"2020-03-17T10:53:38","date_gmt":"2020-03-17T14:53:38","guid":{"rendered":"https:\/\/aerispackaging.com\/e-commerce\/"},"modified":"2020-04-11T02:05:05","modified_gmt":"2020-04-11T06:05:05","slug":"e-commerce","status":"publish","type":"page","link":"http:\/\/aerispackaging.com\/fr\/e-commerce\/","title":{"rendered":"E-Commerce"},"content":{"rendered":"<section class=\"l-section wpb_row height_huge with_img parallax_fixed with_overlay\"><div class=\"l-section-img lazyload\" style=\"background-image:inherit;background-repeat: no-repeat;\" data-img-width=\"1500\" data-img-height=\"1500\" data-bg-image=\"url(http:\/\/aerispackaging.com\/wp-content\/uploads\/2020\/03\/Aeris-Products.jpg)\"><\/div><div class=\"l-section-overlay\" style=\"background: rgba(0,0,0,0.2)\"><\/div><div class=\"l-section-h i-cf\"><div class=\"g-cols vc_row type_default valign_middle\"><div class=\"vc_col-sm-12 wpb_column vc_column_container\"><div class=\"vc_column-inner\"><div class=\"wpb_wrapper\">[vc_custom_heading text=&#8221;Emballage E-Commerce&#8221; font_container=&#8221;tag:h1|text_align:center&#8221; use_theme_fonts=&#8221;yes&#8221; css=&#8221;%7B%22default%22%3A%7B%22color%22%3A%22%23ffffff%22%7D%7D&#8221;]<\/div><\/div><\/div><\/div><\/div><\/section><section class=\"l-section wpb_row us_custom_4c77c721 height_large\"><div class=\"l-section-h i-cf\"><div class=\"g-cols vc_row type_default valign_middle\"><div class=\"vc_col-sm-6 wpb_column vc_column_container\"><div class=\"vc_column-inner\"><div class=\"wpb_wrapper\"><div class=\"w-image align_center animate_afl\"><div class=\"w-image-h\"><img decoding=\"async\" width=\"1331\" height=\"1331\" data-src=\"http:\/\/aerispackaging.com\/wp-content\/uploads\/2020\/03\/phone-packaging-1.jpg\" class=\"attachment-full size-full lazyload\" alt=\"\" data-srcset=\"http:\/\/aerispackaging.com\/wp-content\/uploads\/2020\/03\/phone-packaging-1.jpg 1331w, http:\/\/aerispackaging.com\/wp-content\/uploads\/2020\/03\/phone-packaging-1-300x300.jpg 300w, http:\/\/aerispackaging.com\/wp-content\/uploads\/2020\/03\/phone-packaging-1-1024x1024.jpg 1024w, http:\/\/aerispackaging.com\/wp-content\/uploads\/2020\/03\/phone-packaging-1-150x150.jpg 150w\" data-sizes=\"(max-width: 1331px) 100vw, 1331px\" src=\"data:image\/svg+xml;base64,PHN2ZyB3aWR0aD0iMSIgaGVpZ2h0PSIxIiB4bWxucz0iaHR0cDovL3d3dy53My5vcmcvMjAwMC9zdmciPjwvc3ZnPg==\" style=\"--smush-placeholder-width: 1331px; --smush-placeholder-aspect-ratio: 1331\/1331;\" \/><\/div><\/div><\/div><\/div><\/div><div class=\"vc_col-sm-6 wpb_column vc_column_container\"><div class=\"vc_column-inner\"><div class=\"wpb_wrapper\">[vc_custom_heading text=&#8221;Bien plus que de l\u2019emballage&#8221; font_container=&#8221;tag:h3|text_align:center&#8221; use_theme_fonts=&#8221;yes&#8221;]<div class=\"wpb_text_column text-justify\"><div class=\"wpb_wrapper\"><p>AERIS offre des emballages gonflables \u00e0 chambres \u00e0 air \u00e9coresponsables, con\u00e7us pour prot\u00e9ger vos produits, de mani\u00e8re rentable et compl\u00e8te. Que ce soit des ordinateurs portables, t\u00e9l\u00e9phones cellulaires, \u00e9lectronique, bouteilles de vitre, art ou dispositifs m\u00e9dicaux. Nos emballages \u00e0 chambres \u00e0 air propri\u00e9taires assureront que vos items arriveront intacts \u00e0 destination.<\/p>\n<p>Notre \u00e9quipe cumule plus de 100 ans d\u2019exp\u00e9rience, en vous offrant une expertise exceptionnelle en emballage. Nous avons une compr\u00e9hension profonde de la manufacture et de la cr\u00e9ation d\u2019emballage protecteur, d\u2019archivage, r\u00e9utilisable, de textiles industriels, de livraison juste \u00e0 temps, points de vente (POV), d\u00e9tail et bien plus.<\/p>\n<\/div><\/div><\/div><\/div><\/div><\/div><\/div><\/section><section class=\"l-section wpb_row height_medium\"><div class=\"l-section-h i-cf\"><div class=\"g-cols vc_row type_default valign_top\"><div class=\"vc_col-sm-12 wpb_column vc_column_container\"><div class=\"vc_column-inner\"><div class=\"wpb_wrapper\">[vc_custom_heading text=&#8221;Comment \u00e7a fonctionne?&#8221; font_container=&#8221;tag:h3|text_align:center&#8221; use_theme_fonts=&#8221;yes&#8221;]<div class=\"g-cols wpb_row  us_custom_20d44a18 type_default valign_top vc_inner\"><div class=\"vc_col-sm-2 wpb_column vc_column_container\"><div class=\"vc_column-inner\"><div class=\"wpb_wrapper\"><\/div><\/div><\/div><div class=\"vc_col-sm-8 wpb_column vc_column_container\"><div class=\"vc_column-inner\"><div class=\"wpb_wrapper\">[vc_raw_html]JTNDdmlkZW8lMjB3aWR0aCUzRCUyMjYzMCUyMiUyMGNvbnRyb2xzJTNFJTBBJTIwJTIwJTNDc291cmNlJTIwc3JjJTNEJTIyJTJGd3AtY29udGVudCUyRnVwbG9hZHMlMkYyMDIwJTJGMDQlMkZIb21lLXBhZ2UtYW5kLU1lbWJlcnNoaXAtc2VjdGlvbi12aWRlby5tcDQlMjIlMjB0eXBlJTNEJTIydmlkZW8lMkZtcDQlMjIlM0UlMEElMjAlMjBZb3VyJTIwYnJvd3NlciUyMGRvZXMlMjBub3QlMjBzdXBwb3J0JTIwSFRNTDUlMjB2aWRlby4lMEElM0MlMkZ2aWRlbyUzRQ==[\/vc_raw_html]<\/div><\/div><\/div><div class=\"vc_col-sm-2 wpb_column vc_column_container\"><div class=\"vc_column-inner\"><div class=\"wpb_wrapper\"><\/div><\/div><\/div><\/div><div class=\"w-btn-wrapper width_auto align_center\"><a class=\"w-btn us-btn-style_2\" href=\"\/fr\/contact\/\" title=\"Contact\"><span class=\"w-btn-label\">Contactez-nous<\/span><\/a><\/div><\/div><\/div><\/div><\/div><\/div><\/section><section class=\"l-section wpb_row height_auto width_full\"><div class=\"l-section-h i-cf\"><div class=\"g-cols vc_row type_default valign_top\"><div class=\"vc_col-sm-12 wpb_column vc_column_container\"><div class=\"vc_column-inner\"><div class=\"wpb_wrapper\"><section class=\"l-section wpb_row height_medium with_img parallax_fixed\"><div class=\"l-section-img lazyload\" style=\"background-image:inherit;background-repeat: no-repeat;\" data-img-width=\"2500\" data-img-height=\"2500\" data-bg-image=\"url(http:\/\/aerispackaging.com\/wp-content\/uploads\/2020\/03\/Membership-bg.jpg)\"><\/div><div class=\"l-section-h i-cf\"><div class=\"g-cols vc_row type_default valign_middle\"><div class=\"vc_col-sm-12 wpb_column vc_column_container\"><div class=\"vc_column-inner\"><div class=\"wpb_wrapper\">[vc_custom_heading text=&#8221;Consultez nos tutoriels vid\u00e9o<br \/>\nen devenant membre!&#8221; font_container=&#8221;tag:h2|text_align:center&#8221; use_theme_fonts=&#8221;yes&#8221; css=&#8221;%7B%22default%22%3A%7B%22color%22%3A%22%23ffffff%22%7D%7D&#8221;]<div class=\"g-cols wpb_row  type_default valign_middle vc_inner\"><div class=\"vc_col-sm-6 wpb_column vc_column_container\"><div class=\"vc_column-inner\"><div class=\"wpb_wrapper\"><div class=\"wpb_text_column us_custom_90221340 has_text_color\"><div class=\"wpb_wrapper\"><p>Quels sont les avantages de devenir membre?<\/p>\n<ul>\n<li>R\u00e9ductions<\/li>\n<li>Tutoriels<\/li>\n<li>Offres sp\u00e9ciales<\/li>\n<li>Lettres d&#8217;information<\/li>\n<li>Informations suppl\u00e9mentaires<\/li>\n<\/ul>\n<\/div><\/div><\/div><\/div><\/div><div class=\"vc_col-sm-6 wpb_column vc_column_container\"><div class=\"vc_column-inner\"><div class=\"wpb_wrapper\">[vc_raw_html]PHZpZGVvIHdpZHRoPSI0NTAiIGNvbnRyb2xzPSIiPgogIDxzb3VyY2Ugc3JjPSIvd3AtY29udGVudC91cGxvYWRzLzIwMjAvMDQvSG9tZS1wYWdlLWFuZC1NZW1iZXJzaGlwLXNlY3Rpb24tdmlkZW8ubXA0IiB0eXBlPSJ2aWRlby9tcDQiPgogWW91ciBicm93c2VyIGRvZXMgbm90IHN1cHBvcnQgSFRNTDUgdmlkZW8uCjwvc291cmNlPjwvdmlkZW8+[\/vc_raw_html]<\/div><\/div><\/div><\/div><div class=\"w-btn-wrapper width_auto align_center\"><a class=\"w-btn us-btn-style_1 us_custom_b23d6397\" href=\"https:\/\/aerispackaging.com\/fr\/connexion\/\" title=\"Login\/Register\"><span class=\"w-btn-label\">Join Now!<\/span><\/a><\/div><\/div><\/div><\/div><\/div><\/div><\/section>\n<\/div><\/div><\/div><\/div><\/div><\/section>\n","protected":false},"excerpt":{"rendered":"[vc_custom_heading text=\"Emballage E-Commerce\" font_container=\"tag:h1|text_align:center\" use_theme_fonts=\"yes\" css=\"%7B%22default%22%3A%7B%22color%22%3A%22%23ffffff%22%7D%7D\"][vc_custom_heading text=\"Bien plus que de l\u2019emballage\" font_container=\"tag:h3|text_align:center\" use_theme_fonts=\"yes\"]AERIS offre des emballages gonflables \u00e0 chambres \u00e0 air \u00e9coresponsables, con\u00e7us pour prot\u00e9ger vos produits, de mani\u00e8re rentable et compl\u00e8te. Que ce soit des ordinateurs portables, t\u00e9l\u00e9phones cellulaires, \u00e9lectronique, bouteilles de vitre, art ou dispositifs m\u00e9dicaux. Nos emballages \u00e0 chambres \u00e0 air propri\u00e9taires...","protected":false},"author":4,"featured_media":0,"parent":0,"menu_order":0,"comment_status":"closed","ping_status":"closed","template":"","meta":{"_monsterinsights_skip_tracking":false,"_monsterinsights_sitenote_active":false,"_monsterinsights_sitenote_note":"","_monsterinsights_sitenote_category":0,"footnotes":""},"class_list":["post-1428","page","type-page","status-publish","hentry"],"yoast_head":"<!-- This site is optimized with the Yoast SEO plugin v27.4 - https:\/\/yoast.com\/product\/yoast-seo-wordpress\/ -->\n<title>E-Commerce - Emballage Aeris<\/title>\n<meta name=\"description\" content=\"AERIS offers you eco-friendly inflatable air-chamber packaging designed to protect your products easily, cost-effectively and completely. Our proprietary air-chamber packaging ensures that your valuable products reach their destination intact.\" \/>\n<meta name=\"robots\" content=\"index, follow, max-snippet:-1, max-image-preview:large, max-video-preview:-1\" \/>\n<link rel=\"canonical\" href=\"https:\/\/aerispackaging.com\/fr\/e-commerce\/\" \/>\n<meta property=\"og:locale\" content=\"fr_FR\" \/>\n<meta property=\"og:type\" content=\"article\" \/>\n<meta property=\"og:title\" content=\"E-Commerce - Emballage Aeris\" \/>\n<meta property=\"og:description\" content=\"AERIS offers you eco-friendly inflatable air-chamber packaging designed to protect your products easily, cost-effectively and completely. Our proprietary air-chamber packaging ensures that your valuable products reach their destination intact.\" \/>\n<meta property=\"og:url\" content=\"https:\/\/aerispackaging.com\/fr\/e-commerce\/\" \/>\n<meta property=\"og:site_name\" content=\"Emballage Aeris\" \/>\n<meta property=\"article:publisher\" content=\"https:\/\/www.facebook.com\/aerispackaging\/\" \/>\n<meta property=\"article:modified_time\" content=\"2020-04-11T06:05:05+00:00\" \/>\n<meta name=\"twitter:card\" content=\"summary_large_image\" \/>\n<meta name=\"twitter:site\" content=\"@aerispackaging\" \/>\n<meta name=\"twitter:label1\" content=\"Dur\u00e9e de lecture estim\u00e9e\" \/>\n\t<meta name=\"twitter:data1\" content=\"2 minutes\" \/>\n<script type=\"application\/ld+json\" class=\"yoast-schema-graph\">{\"@context\":\"https:\\\/\\\/schema.org\",\"@graph\":[{\"@type\":\"WebPage\",\"@id\":\"https:\\\/\\\/aerispackaging.com\\\/fr\\\/e-commerce\\\/\",\"url\":\"https:\\\/\\\/aerispackaging.com\\\/fr\\\/e-commerce\\\/\",\"name\":\"E-Commerce - Emballage Aeris\",\"isPartOf\":{\"@id\":\"https:\\\/\\\/aerispackaging.com\\\/#website\"},\"datePublished\":\"2020-03-17T14:53:38+00:00\",\"dateModified\":\"2020-04-11T06:05:05+00:00\",\"description\":\"AERIS offers you eco-friendly inflatable air-chamber packaging designed to protect your products easily, cost-effectively and completely. Our proprietary air-chamber packaging ensures that your valuable products reach their destination intact.\",\"breadcrumb\":{\"@id\":\"https:\\\/\\\/aerispackaging.com\\\/fr\\\/e-commerce\\\/#breadcrumb\"},\"inLanguage\":\"fr-FR\",\"potentialAction\":[{\"@type\":\"ReadAction\",\"target\":[\"https:\\\/\\\/aerispackaging.com\\\/fr\\\/e-commerce\\\/\"]}]},{\"@type\":\"BreadcrumbList\",\"@id\":\"https:\\\/\\\/aerispackaging.com\\\/fr\\\/e-commerce\\\/#breadcrumb\",\"itemListElement\":[{\"@type\":\"ListItem\",\"position\":1,\"name\":\"Home\",\"item\":\"https:\\\/\\\/aerispackaging.com\\\/fr\\\/\"},{\"@type\":\"ListItem\",\"position\":2,\"name\":\"E-Commerce\"}]},{\"@type\":\"WebSite\",\"@id\":\"https:\\\/\\\/aerispackaging.com\\\/#website\",\"url\":\"https:\\\/\\\/aerispackaging.com\\\/\",\"name\":\"Aeris Packaging\",\"description\":\"Protecteur \u00e0 chambres \u00e0 air\",\"publisher\":{\"@id\":\"https:\\\/\\\/aerispackaging.com\\\/#organization\"},\"potentialAction\":[{\"@type\":\"SearchAction\",\"target\":{\"@type\":\"EntryPoint\",\"urlTemplate\":\"https:\\\/\\\/aerispackaging.com\\\/?s={search_term_string}\"},\"query-input\":{\"@type\":\"PropertyValueSpecification\",\"valueRequired\":true,\"valueName\":\"search_term_string\"}}],\"inLanguage\":\"fr-FR\"},{\"@type\":\"Organization\",\"@id\":\"https:\\\/\\\/aerispackaging.com\\\/#organization\",\"name\":\"Emballage Aeris\",\"url\":\"https:\\\/\\\/aerispackaging.com\\\/\",\"logo\":{\"@type\":\"ImageObject\",\"inLanguage\":\"fr-FR\",\"@id\":\"https:\\\/\\\/aerispackaging.com\\\/#\\\/schema\\\/logo\\\/image\\\/\",\"url\":\"https:\\\/\\\/aerispackaging.com\\\/wp-content\\\/uploads\\\/2020\\\/03\\\/Aeris-Packing-logo.png\",\"contentUrl\":\"https:\\\/\\\/aerispackaging.com\\\/wp-content\\\/uploads\\\/2020\\\/03\\\/Aeris-Packing-logo.png\",\"width\":2000,\"height\":531,\"caption\":\"Emballage Aeris\"},\"image\":{\"@id\":\"https:\\\/\\\/aerispackaging.com\\\/#\\\/schema\\\/logo\\\/image\\\/\"},\"sameAs\":[\"https:\\\/\\\/www.facebook.com\\\/aerispackaging\\\/\",\"https:\\\/\\\/x.com\\\/aerispackaging\",\"https:\\\/\\\/www.instagram.com\\\/aeris_packaging\\\/\",\"https:\\\/\\\/www.linkedin.com\\\/company\\\/mlz-air-bagger-packaging\\\/about\\\/\",\"https:\\\/\\\/www.youtube.com\\\/channel\\\/UCJ978Q9pTaFxLtLFuLeWHlA\\\/\"]}]}<\/script>\n<!-- \/ Yoast SEO plugin. -->","yoast_head_json":{"title":"E-Commerce - Emballage Aeris","description":"AERIS offers you eco-friendly inflatable air-chamber packaging designed to protect your products easily, cost-effectively and completely. Our proprietary air-chamber packaging ensures that your valuable products reach their destination intact.","robots":{"index":"index","follow":"follow","max-snippet":"max-snippet:-1","max-image-preview":"max-image-preview:large","max-video-preview":"max-video-preview:-1"},"canonical":"https:\/\/aerispackaging.com\/fr\/e-commerce\/","og_locale":"fr_FR","og_type":"article","og_title":"E-Commerce - Emballage Aeris","og_description":"AERIS offers you eco-friendly inflatable air-chamber packaging designed to protect your products easily, cost-effectively and completely. Our proprietary air-chamber packaging ensures that your valuable products reach their destination intact.","og_url":"https:\/\/aerispackaging.com\/fr\/e-commerce\/","og_site_name":"Emballage Aeris","article_publisher":"https:\/\/www.facebook.com\/aerispackaging\/","article_modified_time":"2020-04-11T06:05:05+00:00","twitter_card":"summary_large_image","twitter_site":"@aerispackaging","twitter_misc":{"Dur\u00e9e de lecture estim\u00e9e":"2 minutes"},"schema":{"@context":"https:\/\/schema.org","@graph":[{"@type":"WebPage","@id":"https:\/\/aerispackaging.com\/fr\/e-commerce\/","url":"https:\/\/aerispackaging.com\/fr\/e-commerce\/","name":"E-Commerce - Emballage Aeris","isPartOf":{"@id":"https:\/\/aerispackaging.com\/#website"},"datePublished":"2020-03-17T14:53:38+00:00","dateModified":"2020-04-11T06:05:05+00:00","description":"AERIS offers you eco-friendly inflatable air-chamber packaging designed to protect your products easily, cost-effectively and completely. Our proprietary air-chamber packaging ensures that your valuable products reach their destination intact.","breadcrumb":{"@id":"https:\/\/aerispackaging.com\/fr\/e-commerce\/#breadcrumb"},"inLanguage":"fr-FR","potentialAction":[{"@type":"ReadAction","target":["https:\/\/aerispackaging.com\/fr\/e-commerce\/"]}]},{"@type":"BreadcrumbList","@id":"https:\/\/aerispackaging.com\/fr\/e-commerce\/#breadcrumb","itemListElement":[{"@type":"ListItem","position":1,"name":"Home","item":"https:\/\/aerispackaging.com\/fr\/"},{"@type":"ListItem","position":2,"name":"E-Commerce"}]},{"@type":"WebSite","@id":"https:\/\/aerispackaging.com\/#website","url":"https:\/\/aerispackaging.com\/","name":"Aeris Packaging","description":"Protecteur \u00e0 chambres \u00e0 air","publisher":{"@id":"https:\/\/aerispackaging.com\/#organization"},"potentialAction":[{"@type":"SearchAction","target":{"@type":"EntryPoint","urlTemplate":"https:\/\/aerispackaging.com\/?s={search_term_string}"},"query-input":{"@type":"PropertyValueSpecification","valueRequired":true,"valueName":"search_term_string"}}],"inLanguage":"fr-FR"},{"@type":"Organization","@id":"https:\/\/aerispackaging.com\/#organization","name":"Emballage Aeris","url":"https:\/\/aerispackaging.com\/","logo":{"@type":"ImageObject","inLanguage":"fr-FR","@id":"https:\/\/aerispackaging.com\/#\/schema\/logo\/image\/","url":"https:\/\/aerispackaging.com\/wp-content\/uploads\/2020\/03\/Aeris-Packing-logo.png","contentUrl":"https:\/\/aerispackaging.com\/wp-content\/uploads\/2020\/03\/Aeris-Packing-logo.png","width":2000,"height":531,"caption":"Emballage Aeris"},"image":{"@id":"https:\/\/aerispackaging.com\/#\/schema\/logo\/image\/"},"sameAs":["https:\/\/www.facebook.com\/aerispackaging\/","https:\/\/x.com\/aerispackaging","https:\/\/www.instagram.com\/aeris_packaging\/","https:\/\/www.linkedin.com\/company\/mlz-air-bagger-packaging\/about\/","https:\/\/www.youtube.com\/channel\/UCJ978Q9pTaFxLtLFuLeWHlA\/"]}]}},"_links":{"self":[{"href":"http:\/\/aerispackaging.com\/fr\/wp-json\/wp\/v2\/pages\/1428","targetHints":{"allow":["GET"]}}],"collection":[{"href":"http:\/\/aerispackaging.com\/fr\/wp-json\/wp\/v2\/pages"}],"about":[{"href":"http:\/\/aerispackaging.com\/fr\/wp-json\/wp\/v2\/types\/page"}],"author":[{"embeddable":true,"href":"http:\/\/aerispackaging.com\/fr\/wp-json\/wp\/v2\/users\/4"}],"replies":[{"embeddable":true,"href":"http:\/\/aerispackaging.com\/fr\/wp-json\/wp\/v2\/comments?post=1428"}],"version-history":[{"count":1,"href":"http:\/\/aerispackaging.com\/fr\/wp-json\/wp\/v2\/pages\/1428\/revisions"}],"predecessor-version":[{"id":1617,"href":"http:\/\/aerispackaging.com\/fr\/wp-json\/wp\/v2\/pages\/1428\/revisions\/1617"}],"wp:attachment":[{"href":"http:\/\/aerispackaging.com\/fr\/wp-json\/wp\/v2\/media?parent=1428"}],"curies":[{"name":"wp","href":"https:\/\/api.w.org\/{rel}","templated":true}]}}