{"id":1422,"date":"2020-03-17T10:54:57","date_gmt":"2020-03-17T14:54:57","guid":{"rendered":"http:\/\/aerispackaging.com\/faq\/"},"modified":"2020-04-11T02:05:05","modified_gmt":"2020-04-11T06:05:05","slug":"faq","status":"publish","type":"page","link":"http:\/\/aerispackaging.com\/fr\/faq\/","title":{"rendered":"FAQ"},"content":{"rendered":"<section class=\"l-section wpb_row height_huge with_img parallax_fixed with_overlay\"><div class=\"l-section-img lazyload\" style=\"background-image:inherit;background-repeat: no-repeat;\" data-img-width=\"1600\" data-img-height=\"700\" data-bg-image=\"url(http:\/\/aerispackaging.com\/wp-content\/uploads\/2020\/03\/Aeris-FAQ.jpg)\"><\/div><div class=\"l-section-overlay\" style=\"background: rgba(0,0,0,0.2)\"><\/div><div class=\"l-section-h i-cf\"><div class=\"g-cols vc_row type_default valign_middle\"><div class=\"vc_col-sm-12 wpb_column vc_column_container\"><div class=\"vc_column-inner\"><div class=\"wpb_wrapper\">[vc_custom_heading text=&#8221;FAQ&#8221; font_container=&#8221;tag:h1|text_align:center&#8221; use_theme_fonts=&#8221;yes&#8221; css=&#8221;%7B%22default%22%3A%7B%22color%22%3A%22%23ffffff%22%7D%7D&#8221;]<\/div><\/div><\/div><\/div><\/div><\/section><section class=\"l-section wpb_row height_medium\"><div class=\"l-section-h i-cf\"><div class=\"g-cols vc_row type_default valign_middle\"><div class=\"vc_col-sm-12 wpb_column vc_column_container\"><div class=\"vc_column-inner\"><div class=\"wpb_wrapper\"><div class=\"w-tabs style_default switch_click accordion title_atleft icon_chevron iconpos_right faqs \"><div class=\"w-tabs-sections\"><div class=\"w-tabs-sections-h\"><div class=\"w-tabs-section active\" id=\"1585358946163-bb7f4237-68da\"><button class=\"w-tabs-section-header active\" style=\"font-size:20px;\" aria-controls=\"content-1585358946163-bb7f4237-68da\"><div class=\"w-tabs-section-header-h\"><h3 class=\"w-tabs-section-title\">Qu\u2019est-ce que cela me co\u00fbte d\u2019adopter la technologie \u00e0 chambres \u00e0 air?<\/h3><div class=\"w-tabs-section-control\"><\/div><\/div><\/button><div class=\"w-tabs-section-content\" id=\"content-1585358946163-bb7f4237-68da\" aria-expanded=\"true\"><div  class=\"w-tabs-section-content-h i-cf\"><div class=\"wpb_text_column\"><div class=\"wpb_wrapper\"><p>Faire le changement est tr\u00e8s simple. Tout ce dont vous aurez besoin est un compresseur \u00e0 air et le Kit de gonflage Aeris, ce qui implique un investissement de moins de 200 $. Aucun moule ou outil n\u2019est n\u00e9cessaire pour commencer et le syst\u00e8me est extr\u00eamement convivial.<\/p>\n<\/div><\/div><\/div><\/div><\/div><div class=\"w-tabs-section\" id=\"1585358946212-c8171308-6564\"><button class=\"w-tabs-section-header\" style=\"font-size:20px;\" aria-controls=\"content-1585358946212-c8171308-6564\"><div class=\"w-tabs-section-header-h\"><h3 class=\"w-tabs-section-title\">Est-ce que les emballages Aeris pourront prot\u00e9ger mes produits?<\/h3><div class=\"w-tabs-section-control\"><\/div><\/div><\/button><div class=\"w-tabs-section-content\" id=\"content-1585358946212-c8171308-6564\" aria-expanded=\"false\"><div  class=\"w-tabs-section-content-h i-cf\"><div class=\"wpb_text_column\"><div class=\"wpb_wrapper\"><p>Les emballages \u00e0 chambres \u00e0 air Aeris prot\u00e8gent compl\u00e8tement des items tels que le verre, les \u00e9lectroniques, les instruments de musique et les \u00e9lectrom\u00e9nagers. Tous nos emballages sont test\u00e9s contre les chutes pour assurer que vos items de valeur arrivent sains et saufs, \u00e0 destination.<\/p>\n<\/div><\/div><\/div><\/div><\/div><div class=\"w-tabs-section\" id=\"1585359024436-c169f9d1-28a7\"><button class=\"w-tabs-section-header\" style=\"font-size:20px;\" aria-controls=\"content-1585359024436-c169f9d1-28a7\"><div class=\"w-tabs-section-header-h\"><h3 class=\"w-tabs-section-title\">Est-ce que les emballages \u00e0 chambres \u00e0 air Aeris occupent beaucoup d\u2019espace pendant la livraison?<\/h3><div class=\"w-tabs-section-control\"><\/div><\/div><\/button><div class=\"w-tabs-section-content\" id=\"content-1585359024436-c169f9d1-28a7\" aria-expanded=\"false\"><div  class=\"w-tabs-section-content-h i-cf\"><div class=\"wpb_text_column\"><div class=\"wpb_wrapper\"><p>Non, les emballages \u00e0 chambres \u00e0 air Aeris occupent significativement moins d\u2019espace que des emballages traditionnels, afin que vous puissiez \u00e9conomiser sur la livraison.<\/p>\n<p>Vous \u00e9conomiserez de l\u2019espace \u00e0 la r\u00e9ception puisque nos produits sont livr\u00e9s plats et non gonfl\u00e9s. Typiquement, une palette de nos produits est \u00e9gale \u00e0 un camion entier de styromousse ou de papier bulle.<\/p>\n<p>\u00c0 l\u2019envoi, vous \u00e9conomiserez de l\u2019espace puisque l\u2019efficacit\u00e9 et l\u2019innovation de nos emballages gonflables vous permettent de r\u00e9duire la taille et le poids de vos colis, tout en augmentant le niveau de protection.<\/p>\n<\/div><\/div><\/div><\/div><\/div><div class=\"w-tabs-section\" id=\"1585359074086-37a87fd8-f088\"><button class=\"w-tabs-section-header\" style=\"font-size:20px;\" aria-controls=\"content-1585359074086-37a87fd8-f088\"><div class=\"w-tabs-section-header-h\"><h3 class=\"w-tabs-section-title\">J\u2019ai d\u00e9j\u00e0 un taux de bris tr\u00e8s bas. Pourquoi devrais-je changer?<\/h3><div class=\"w-tabs-section-control\"><\/div><\/div><\/button><div class=\"w-tabs-section-content\" id=\"content-1585359074086-37a87fd8-f088\" aria-expanded=\"false\"><div  class=\"w-tabs-section-content-h i-cf\"><div class=\"wpb_text_column\"><div class=\"wpb_wrapper\"><p>Combien vous co\u00fbte votre emballage pr\u00e9sentement? Est-il 100% recyclable? L\u2019emballage gonflable \u00e0 chambres \u00e0 air Aeris peut \u00eatre fait sur mesure pour vos caract\u00e9ristiques sp\u00e9cifiques et, dans la plupart des cas, sans le co\u00fbt additionnel d\u2019outillage.<\/p>\n<p>Les produits Aeris vous sont livres plats et non gonfl\u00e9s, afin de vous faire gagner de l\u2019espace, se gonflent facilement et peuvent diminuer vous co\u00fbts de main-d\u2019\u0153uvre en augmenter la productivit\u00e9 de l\u2019emballage. L\u2019espace, la r\u00e9duction des co\u00fbts, une protection sup\u00e9rieure et \u00e9coresponsable, pourquoi se r\u00e9soudre \u00e0 n\u2019en choisir que deux des trois quand vous pouvez cocher toutes les cases avec Aeris?<\/p>\n<\/div><\/div><\/div><\/div><\/div><div class=\"w-tabs-section\" id=\"1585359113958-7657690e-9a7a\"><button class=\"w-tabs-section-header\" style=\"font-size:20px;\" aria-controls=\"content-1585359113958-7657690e-9a7a\"><div class=\"w-tabs-section-header-h\"><h3 class=\"w-tabs-section-title\">Pendant combien de temps les chambres \u00e0 air restent-elles gonfl\u00e9es? Qu\u2019arrive-t-il si une cellule se perce?<\/h3><div class=\"w-tabs-section-control\"><\/div><\/div><\/button><div class=\"w-tabs-section-content\" id=\"content-1585359113958-7657690e-9a7a\" aria-expanded=\"false\"><div  class=\"w-tabs-section-content-h i-cf\"><div class=\"wpb_text_column\"><div class=\"wpb_wrapper\"><p>Une fois gonfl\u00e9es, nos chambres \u00e0 air maintiennent la pression de l\u2019air interne pendant un minimum de deux ans avec une perte minimale d\u2019air. Les chambres \u00e0 air sont des cellules individuelles qui s\u2019emplissent toutes au m\u00eame moment, mais se d\u00e9gonflent s\u00e9par\u00e9ment. M\u00eame si une cellule se fait percer, toutes les autres resteront intactes et votre produit continuera \u00e0 \u00eatre prot\u00e9g\u00e9.<\/p>\n<\/div><\/div><\/div><\/div><\/div><div class=\"w-tabs-section\" id=\"1585359145978-1e30caed-91ea\"><button class=\"w-tabs-section-header\" style=\"font-size:20px;\" aria-controls=\"content-1585359145978-1e30caed-91ea\"><div class=\"w-tabs-section-header-h\"><h3 class=\"w-tabs-section-title\">Comment les chambres \u00e0 air r\u00e9agissent-elles lors du transport en avion?<\/h3><div class=\"w-tabs-section-control\"><\/div><\/div><\/button><div class=\"w-tabs-section-content\" id=\"content-1585359145978-1e30caed-91ea\" aria-expanded=\"false\"><div  class=\"w-tabs-section-content-h i-cf\"><div class=\"wpb_text_column\"><div class=\"wpb_wrapper\"><p>La variation de la pression de l\u2019air dans un avion ne cause aucun probl\u00e8me aux chambres \u00e0 air.<\/p>\n<\/div><\/div><\/div><\/div><\/div><\/div><\/div><\/div><\/div><\/div><\/div><\/div><\/div><\/section>\n","protected":false},"excerpt":{"rendered":"[vc_custom_heading text=\"FAQ\" font_container=\"tag:h1|text_align:center\" use_theme_fonts=\"yes\" css=\"%7B%22default%22%3A%7B%22color%22%3A%22%23ffffff%22%7D%7D\"]Qu\u2019est-ce que cela me co\u00fbte d\u2019adopter la technologie \u00e0 chambres \u00e0 air?Faire le changement est tr\u00e8s simple. Tout ce dont vous aurez besoin est un compresseur \u00e0 air et le Kit de gonflage Aeris, ce qui implique un investissement de moins de 200 $. Aucun moule ou outil n\u2019est n\u00e9cessaire pour...","protected":false},"author":4,"featured_media":0,"parent":0,"menu_order":0,"comment_status":"closed","ping_status":"closed","template":"","meta":{"_monsterinsights_skip_tracking":false,"_monsterinsights_sitenote_active":false,"_monsterinsights_sitenote_note":"","_monsterinsights_sitenote_category":0,"footnotes":""},"class_list":["post-1422","page","type-page","status-publish","hentry"],"yoast_head":"<!-- This site is optimized with the Yoast SEO plugin v27.4 - https:\/\/yoast.com\/product\/yoast-seo-wordpress\/ -->\n<title>FAQ - Emballage Aeris<\/title>\n<meta name=\"robots\" content=\"index, follow, max-snippet:-1, max-image-preview:large, max-video-preview:-1\" \/>\n<link rel=\"canonical\" href=\"https:\/\/aerispackaging.com\/fr\/faq\/\" \/>\n<meta property=\"og:locale\" content=\"fr_FR\" \/>\n<meta property=\"og:type\" content=\"article\" \/>\n<meta property=\"og:title\" content=\"FAQ - Emballage Aeris\" \/>\n<meta property=\"og:url\" content=\"https:\/\/aerispackaging.com\/fr\/faq\/\" \/>\n<meta property=\"og:site_name\" content=\"Emballage Aeris\" \/>\n<meta property=\"article:publisher\" content=\"https:\/\/www.facebook.com\/aerispackaging\/\" \/>\n<meta property=\"article:modified_time\" content=\"2020-04-11T06:05:05+00:00\" \/>\n<meta name=\"twitter:card\" content=\"summary_large_image\" \/>\n<meta name=\"twitter:site\" content=\"@aerispackaging\" \/>\n<meta name=\"twitter:label1\" content=\"Dur\u00e9e de lecture estim\u00e9e\" \/>\n\t<meta name=\"twitter:data1\" content=\"3 minutes\" \/>\n<script type=\"application\/ld+json\" class=\"yoast-schema-graph\">{\"@context\":\"https:\\\/\\\/schema.org\",\"@graph\":[{\"@type\":\"WebPage\",\"@id\":\"https:\\\/\\\/aerispackaging.com\\\/fr\\\/faq\\\/\",\"url\":\"https:\\\/\\\/aerispackaging.com\\\/fr\\\/faq\\\/\",\"name\":\"FAQ - Emballage Aeris\",\"isPartOf\":{\"@id\":\"https:\\\/\\\/aerispackaging.com\\\/#website\"},\"datePublished\":\"2020-03-17T14:54:57+00:00\",\"dateModified\":\"2020-04-11T06:05:05+00:00\",\"breadcrumb\":{\"@id\":\"https:\\\/\\\/aerispackaging.com\\\/fr\\\/faq\\\/#breadcrumb\"},\"inLanguage\":\"fr-FR\",\"potentialAction\":[{\"@type\":\"ReadAction\",\"target\":[\"https:\\\/\\\/aerispackaging.com\\\/fr\\\/faq\\\/\"]}]},{\"@type\":\"BreadcrumbList\",\"@id\":\"https:\\\/\\\/aerispackaging.com\\\/fr\\\/faq\\\/#breadcrumb\",\"itemListElement\":[{\"@type\":\"ListItem\",\"position\":1,\"name\":\"Home\",\"item\":\"https:\\\/\\\/aerispackaging.com\\\/fr\\\/\"},{\"@type\":\"ListItem\",\"position\":2,\"name\":\"FAQ\"}]},{\"@type\":\"WebSite\",\"@id\":\"https:\\\/\\\/aerispackaging.com\\\/#website\",\"url\":\"https:\\\/\\\/aerispackaging.com\\\/\",\"name\":\"Aeris Packaging\",\"description\":\"Protecteur \u00e0 chambres \u00e0 air\",\"publisher\":{\"@id\":\"https:\\\/\\\/aerispackaging.com\\\/#organization\"},\"potentialAction\":[{\"@type\":\"SearchAction\",\"target\":{\"@type\":\"EntryPoint\",\"urlTemplate\":\"https:\\\/\\\/aerispackaging.com\\\/?s={search_term_string}\"},\"query-input\":{\"@type\":\"PropertyValueSpecification\",\"valueRequired\":true,\"valueName\":\"search_term_string\"}}],\"inLanguage\":\"fr-FR\"},{\"@type\":\"Organization\",\"@id\":\"https:\\\/\\\/aerispackaging.com\\\/#organization\",\"name\":\"Emballage Aeris\",\"url\":\"https:\\\/\\\/aerispackaging.com\\\/\",\"logo\":{\"@type\":\"ImageObject\",\"inLanguage\":\"fr-FR\",\"@id\":\"https:\\\/\\\/aerispackaging.com\\\/#\\\/schema\\\/logo\\\/image\\\/\",\"url\":\"https:\\\/\\\/aerispackaging.com\\\/wp-content\\\/uploads\\\/2020\\\/03\\\/Aeris-Packing-logo.png\",\"contentUrl\":\"https:\\\/\\\/aerispackaging.com\\\/wp-content\\\/uploads\\\/2020\\\/03\\\/Aeris-Packing-logo.png\",\"width\":2000,\"height\":531,\"caption\":\"Emballage Aeris\"},\"image\":{\"@id\":\"https:\\\/\\\/aerispackaging.com\\\/#\\\/schema\\\/logo\\\/image\\\/\"},\"sameAs\":[\"https:\\\/\\\/www.facebook.com\\\/aerispackaging\\\/\",\"https:\\\/\\\/x.com\\\/aerispackaging\",\"https:\\\/\\\/www.instagram.com\\\/aeris_packaging\\\/\",\"https:\\\/\\\/www.linkedin.com\\\/company\\\/mlz-air-bagger-packaging\\\/about\\\/\",\"https:\\\/\\\/www.youtube.com\\\/channel\\\/UCJ978Q9pTaFxLtLFuLeWHlA\\\/\"]}]}<\/script>\n<!-- \/ Yoast SEO plugin. -->","yoast_head_json":{"title":"FAQ - Emballage Aeris","robots":{"index":"index","follow":"follow","max-snippet":"max-snippet:-1","max-image-preview":"max-image-preview:large","max-video-preview":"max-video-preview:-1"},"canonical":"https:\/\/aerispackaging.com\/fr\/faq\/","og_locale":"fr_FR","og_type":"article","og_title":"FAQ - Emballage Aeris","og_url":"https:\/\/aerispackaging.com\/fr\/faq\/","og_site_name":"Emballage Aeris","article_publisher":"https:\/\/www.facebook.com\/aerispackaging\/","article_modified_time":"2020-04-11T06:05:05+00:00","twitter_card":"summary_large_image","twitter_site":"@aerispackaging","twitter_misc":{"Dur\u00e9e de lecture estim\u00e9e":"3 minutes"},"schema":{"@context":"https:\/\/schema.org","@graph":[{"@type":"WebPage","@id":"https:\/\/aerispackaging.com\/fr\/faq\/","url":"https:\/\/aerispackaging.com\/fr\/faq\/","name":"FAQ - Emballage Aeris","isPartOf":{"@id":"https:\/\/aerispackaging.com\/#website"},"datePublished":"2020-03-17T14:54:57+00:00","dateModified":"2020-04-11T06:05:05+00:00","breadcrumb":{"@id":"https:\/\/aerispackaging.com\/fr\/faq\/#breadcrumb"},"inLanguage":"fr-FR","potentialAction":[{"@type":"ReadAction","target":["https:\/\/aerispackaging.com\/fr\/faq\/"]}]},{"@type":"BreadcrumbList","@id":"https:\/\/aerispackaging.com\/fr\/faq\/#breadcrumb","itemListElement":[{"@type":"ListItem","position":1,"name":"Home","item":"https:\/\/aerispackaging.com\/fr\/"},{"@type":"ListItem","position":2,"name":"FAQ"}]},{"@type":"WebSite","@id":"https:\/\/aerispackaging.com\/#website","url":"https:\/\/aerispackaging.com\/","name":"Aeris Packaging","description":"Protecteur \u00e0 chambres \u00e0 air","publisher":{"@id":"https:\/\/aerispackaging.com\/#organization"},"potentialAction":[{"@type":"SearchAction","target":{"@type":"EntryPoint","urlTemplate":"https:\/\/aerispackaging.com\/?s={search_term_string}"},"query-input":{"@type":"PropertyValueSpecification","valueRequired":true,"valueName":"search_term_string"}}],"inLanguage":"fr-FR"},{"@type":"Organization","@id":"https:\/\/aerispackaging.com\/#organization","name":"Emballage Aeris","url":"https:\/\/aerispackaging.com\/","logo":{"@type":"ImageObject","inLanguage":"fr-FR","@id":"https:\/\/aerispackaging.com\/#\/schema\/logo\/image\/","url":"https:\/\/aerispackaging.com\/wp-content\/uploads\/2020\/03\/Aeris-Packing-logo.png","contentUrl":"https:\/\/aerispackaging.com\/wp-content\/uploads\/2020\/03\/Aeris-Packing-logo.png","width":2000,"height":531,"caption":"Emballage Aeris"},"image":{"@id":"https:\/\/aerispackaging.com\/#\/schema\/logo\/image\/"},"sameAs":["https:\/\/www.facebook.com\/aerispackaging\/","https:\/\/x.com\/aerispackaging","https:\/\/www.instagram.com\/aeris_packaging\/","https:\/\/www.linkedin.com\/company\/mlz-air-bagger-packaging\/about\/","https:\/\/www.youtube.com\/channel\/UCJ978Q9pTaFxLtLFuLeWHlA\/"]}]}},"_links":{"self":[{"href":"http:\/\/aerispackaging.com\/fr\/wp-json\/wp\/v2\/pages\/1422","targetHints":{"allow":["GET"]}}],"collection":[{"href":"http:\/\/aerispackaging.com\/fr\/wp-json\/wp\/v2\/pages"}],"about":[{"href":"http:\/\/aerispackaging.com\/fr\/wp-json\/wp\/v2\/types\/page"}],"author":[{"embeddable":true,"href":"http:\/\/aerispackaging.com\/fr\/wp-json\/wp\/v2\/users\/4"}],"replies":[{"embeddable":true,"href":"http:\/\/aerispackaging.com\/fr\/wp-json\/wp\/v2\/comments?post=1422"}],"version-history":[{"count":1,"href":"http:\/\/aerispackaging.com\/fr\/wp-json\/wp\/v2\/pages\/1422\/revisions"}],"predecessor-version":[{"id":1620,"href":"http:\/\/aerispackaging.com\/fr\/wp-json\/wp\/v2\/pages\/1422\/revisions\/1620"}],"wp:attachment":[{"href":"http:\/\/aerispackaging.com\/fr\/wp-json\/wp\/v2\/media?parent=1422"}],"curies":[{"name":"wp","href":"https:\/\/api.w.org\/{rel}","templated":true}]}}